{"id":11,"date":"2019-09-08T18:18:25","date_gmt":"2019-09-08T16:18:25","guid":{"rendered":"http:\/\/jm-process.com\/de\/?page_id=11"},"modified":"2019-10-08T20:38:07","modified_gmt":"2019-10-08T18:38:07","slug":"cnc-drehteile","status":"publish","type":"page","link":"https:\/\/jm-process.com\/de\/cnc-drehteile\/","title":{"rendered":"CNC Drehteile"},"content":{"rendered":"<p>[vc_row type=&#8221;vc_default&#8221; equal_height=&#8221;yes&#8221; content_placement=&#8221;middle&#8221; margin_top=&#8221;5&#8243; margin_bottom=&#8221;10&#8243;][vc_column offset=&#8221;vc_col-lg-offset-2 vc_col-lg-8 vc_col-md-offset-1 vc_col-md-10&#8243;]<div id=\"ultimate-heading-221169e9bab6c6e67\" class=\"uvc-heading ult-adjust-bottom-margin ultimate-heading-221169e9bab6c6e67 uvc-7043 accent-border-color\" data-hspacer=\"line_only\"  data-halign=\"center\" style=\"text-align:center\"><div class=\"uvc-main-heading ult-responsive\"  data-ultimate-target='.uvc-heading.ultimate-heading-221169e9bab6c6e67 h1'  data-responsive-json-new='{\"font-size\":\"desktop:44px;tablet_portrait:30px;\",\"line-height\":\"desktop:54px;tablet_portrait:40px;\"}' ><h1 style=\"font-weight:bold;margin-bottom:10px;\">CNC Drehteile<\/h1><\/div><div class=\"uvc-heading-spacer line_only\" style=\"margin-bottom:40px;height:5px;\"><span class=\"uvc-headings-line\" style=\"border-style:solid;border-bottom-width:5px;border-color:;width:120px;\"><\/span><\/div><\/div>[\/vc_column][vc_column][vc_row_inner equal_height=&#8221;yes&#8221; content_placement=&#8221;middle&#8221; css=&#8221;.vc_custom_1557947103599{margin-top: 50px !important;}&#8221;][vc_column_inner width=&#8221;1\/2&#8243; css=&#8221;.vc_custom_1559159457954{padding-bottom: 50px !important;}&#8221;]<style type=\"text\/css\" data-type=\"the7_shortcodes-inline-css\">.shortcode-single-image-wrap.shortcode-single-image-4ebb02fda1b519b83791574ece3f5f32.enable-bg-rollover .rollover i,\n.shortcode-single-image-wrap.shortcode-single-image-4ebb02fda1b519b83791574ece3f5f32.enable-bg-rollover .rollover-video i {\n  background: -webkit-linear-gradient();\n  background: linear-gradient();\n}\n.shortcode-single-image-wrap.shortcode-single-image-4ebb02fda1b519b83791574ece3f5f32 .rollover-icon {\n  font-size: 32px;\n  color: #ffffff;\n  min-width: 44px;\n  min-height: 44px;\n  line-height: 44px;\n  border-radius: 100px;\n  border-style: solid;\n  border-width: 0px;\n}\n.dt-icon-bg-on.shortcode-single-image-wrap.shortcode-single-image-4ebb02fda1b519b83791574ece3f5f32 .rollover-icon {\n  background: rgba(255,255,255,0.3);\n  box-shadow: none;\n}\n<\/style><div class=\"shortcode-single-image-wrap shortcode-single-image-4ebb02fda1b519b83791574ece3f5f32 alignnone  enable-bg-rollover dt-icon-bg-off\" style=\"margin-top:0px; margin-bottom:0px; margin-left:0px; margin-right:0px; width:1000px;\"><div class=\"shortcode-single-image\"><div class=\"fancy-media-wrap  layzr-bg\" style=\"\"><img fetchpriority=\"high\" decoding=\"async\" class=\"preload-me lazy-load aspect\" src=\"data:image\/svg+xml,%3Csvg%20xmlns%3D&#39;http%3A%2F%2Fwww.w3.org%2F2000%2Fsvg&#39;%20viewBox%3D&#39;0%200%201000%20700&#39;%2F%3E\" data-src=\"https:\/\/jm-process.com\/de\/wp-content\/uploads\/sites\/3\/2019\/09\/massgefertigte-teile-1000x700.jpg\" data-srcset=\"https:\/\/jm-process.com\/de\/wp-content\/uploads\/sites\/3\/2019\/09\/massgefertigte-teile-1000x700.jpg 1000w, https:\/\/jm-process.com\/de\/wp-content\/uploads\/sites\/3\/2019\/09\/massgefertigte-teile-1142x800.jpg 1142w\" loading=\"eager\" sizes=\"(max-width: 1000px) 100vw, 1000px\" width=\"1000\" height=\"700\"  data-dt-location=\"https:\/\/jm-process.com\/de\/cnc-drehteile\/massgefertigte-teile\/\" style=\"--ratio: 1000 \/ 700;\" alt=\"Drehteile in Verarbeitung\" \/><\/div><\/div><\/div>[\/vc_column_inner][vc_column_inner width=&#8221;1\/2&#8243; css=&#8221;.vc_custom_1559159448936{padding-bottom: 50px !important;}&#8221;]<div id=\"ultimate-heading-819169e9bab6d3ca1\" class=\"uvc-heading ult-adjust-bottom-margin ultimate-heading-819169e9bab6d3ca1 uvc-7170 accent-border-color\" data-hspacer=\"line_only\"  data-halign=\"left\" style=\"text-align:left\"><div class=\"uvc-main-heading ult-responsive\"  data-ultimate-target='.uvc-heading.ultimate-heading-819169e9bab6d3ca1 h2'  data-responsive-json-new='{\"font-size\":\"desktop:30px;\",\"line-height\":\"desktop:40px;\"}' ><h2 style=\"font-weight:bold;margin-bottom:5px;\">Zuverl\u00e4ssiger Lieferant<\/h2><\/div><div class=\"uvc-heading-spacer line_only\" style=\"margin-bottom:40px;height:3px;\"><span class=\"uvc-headings-line\" style=\"border-style:solid;border-bottom-width:3px;border-color:;width:80px;\"><\/span><\/div><\/div>[vc_column_text css=&#8221;.vc_custom_1567959164165{padding-bottom: 20px !important;}&#8221;]<\/p>\n<p>Wir sind ein Lieferant von CNC-Drehteilen. Die Optimierung und Verbesserung unserer Prozesse f\u00fchrt zu einem Endziel: einem guten Preis-Leistungs-Verh\u00e4ltnis f\u00fcr unsere Kunden.<\/p>\n<p>Unser Angebot umfasst Dreharbeiten f\u00fcr kleine und mittlere Serien. Vor allem die produzierten Teile basieren auf einer hohen Pr\u00e4zision im Produktionsprozess.<\/p>\n<p>[\/vc_column_text]<style type=\"text\/css\" data-type=\"the7_shortcodes-inline-css\">#default-btn-cf2fae44fc133b0d6c3e8f58c439810d.ico-right-side > i {\n  margin-right: 0px;\n  margin-left: 8px;\n}\n#default-btn-cf2fae44fc133b0d6c3e8f58c439810d > i {\n  margin-right: 8px;\n}\n<\/style><div class=\"btn-align-left\"><a href=\"http:\/\/jm-process.com\/de\/kontakt\/\" class=\"default-btn-shortcode dt-btn dt-btn-m link-hover-off  vc_custom_1569180422577\" target=\"_blank\" id=\"default-btn-cf2fae44fc133b0d6c3e8f58c439810d\" title=\"Contact\" rel=\"noopener\"><span>ANGEBOT ANFORDERN<\/span><\/a><\/div>[\/vc_column_inner][\/vc_row_inner][\/vc_column][\/vc_row][vc_row type=&#8221;vc_default&#8221; equal_height=&#8221;yes&#8221; content_placement=&#8221;middle&#8221; margin_top=&#8221;5&#8243; margin_bottom=&#8221;10&#8243; bg_type=&#8221;bg_color&#8221; bg_override=&#8221;ex-full&#8221; css=&#8221;.vc_custom_1529505500226{padding-top: 70px !important;padding-bottom: 30px !important;}&#8221; bg_color_value=&#8221;rgba(170,170,170,0.1)&#8221;][vc_column][vc_row_inner equal_height=&#8221;yes&#8221; content_placement=&#8221;middle&#8221;][vc_column_inner width=&#8221;1\/2&#8243; css=&#8221;.vc_custom_1491746397816{padding-bottom: 50px !important;}&#8221;]<div id=\"ultimate-heading-917469e9bab6d3e0e\" class=\"uvc-heading ult-adjust-bottom-margin ultimate-heading-917469e9bab6d3e0e uvc-4351 accent-border-color\" data-hspacer=\"line_only\"  data-halign=\"left\" style=\"text-align:left\"><div class=\"uvc-main-heading ult-responsive\"  data-ultimate-target='.uvc-heading.ultimate-heading-917469e9bab6d3e0e h2'  data-responsive-json-new='{\"font-size\":\"desktop:30px;\",\"line-height\":\"desktop:40px;\"}' ><h2 style=\"font-weight:bold;margin-bottom:5px;\">Technologie<\/h2><\/div><div class=\"uvc-heading-spacer line_only\" style=\"margin-bottom:40px;height:3px;\"><span class=\"uvc-headings-line\" style=\"border-style:solid;border-bottom-width:3px;border-color:;width:80px;\"><\/span><\/div><\/div>[vc_column_text]<\/p>\n<p><strong>Am h\u00e4ufigsten verwendete Materialien sind:<\/strong><\/p>\n<p>[\/vc_column_text]<div class=\"standard-arrow bullet-top\"><ul>\n<li>Edelstahl,<\/li>\n<li>Stahl,<\/li>\n<li>Kupfer,<\/li>\n<li>Bronze,<\/li>\n<li>Aluminium,<\/li>\n<li>Messing und<\/li>\n<li>Kunststoffe (PEEK, PVDF, POM&#8230;.).<\/li>\n<\/ul>\n<\/div>[\/vc_column_inner][vc_column_inner width=&#8221;1\/2&#8243; css=&#8221;.vc_custom_1491746388981{padding-bottom: 50px !important;}&#8221;]<style type=\"text\/css\" data-type=\"the7_shortcodes-inline-css\">.shortcode-single-image-wrap.shortcode-single-image-b390332c400039223e96af8a79294975.enable-bg-rollover .rollover i,\n.shortcode-single-image-wrap.shortcode-single-image-b390332c400039223e96af8a79294975.enable-bg-rollover .rollover-video i {\n  background: -webkit-linear-gradient();\n  background: linear-gradient();\n}\n.shortcode-single-image-wrap.shortcode-single-image-b390332c400039223e96af8a79294975 .rollover-icon {\n  font-size: 32px;\n  color: #ffffff;\n  min-width: 44px;\n  min-height: 44px;\n  line-height: 44px;\n  border-radius: 100px;\n  border-style: solid;\n  border-width: 0px;\n}\n.dt-icon-bg-on.shortcode-single-image-wrap.shortcode-single-image-b390332c400039223e96af8a79294975 .rollover-icon {\n  background: rgba(255,255,255,0.3);\n  box-shadow: none;\n}\n<\/style><div class=\"shortcode-single-image-wrap shortcode-single-image-b390332c400039223e96af8a79294975 alignnone  enable-bg-rollover dt-icon-bg-off\" style=\"margin-top:0px; margin-bottom:0px; margin-left:0px; margin-right:0px; width:1000px;\"><div class=\"shortcode-single-image\"><div class=\"fancy-media-wrap  layzr-bg\" style=\"\"><img decoding=\"async\" class=\"preload-me lazy-load aspect\" src=\"data:image\/svg+xml,%3Csvg%20xmlns%3D&#39;http%3A%2F%2Fwww.w3.org%2F2000%2Fsvg&#39;%20viewBox%3D&#39;0%200%201000%20700&#39;%2F%3E\" data-src=\"https:\/\/jm-process.com\/de\/wp-content\/uploads\/sites\/3\/2019\/09\/cnc-drehteile-1000x700.jpg\" data-srcset=\"https:\/\/jm-process.com\/de\/wp-content\/uploads\/sites\/3\/2019\/09\/cnc-drehteile-1000x700.jpg 1000w, https:\/\/jm-process.com\/de\/wp-content\/uploads\/sites\/3\/2019\/09\/cnc-drehteile-1142x800.jpg 1142w\" loading=\"eager\" sizes=\"(max-width: 1000px) 100vw, 1000px\" width=\"1000\" height=\"700\"  data-dt-location=\"https:\/\/jm-process.com\/de\/cnc-drehteile\/cnc-lathe-machine-turning-machine-hi-precision-cnc-machining-concept\/\" style=\"--ratio: 1000 \/ 700;\" alt=\"CNC Drehteile\" \/><\/div><\/div><\/div>[\/vc_column_inner][\/vc_row_inner][\/vc_column][\/vc_row][vc_row type=&#8221;vc_default&#8221; equal_height=&#8221;yes&#8221; content_placement=&#8221;middle&#8221; margin_top=&#8221;5&#8243; margin_bottom=&#8221;10&#8243; bg_type=&#8221;bg_color&#8221; bg_override=&#8221;ex-full&#8221; css=&#8221;.vc_custom_1529516475808{padding-top: 70px !important;padding-bottom: 20px !important;}&#8221; bg_color_value=&#8221;rgba(170,170,170,0.1)&#8221;][vc_column][vc_row_inner equal_height=&#8221;yes&#8221; content_placement=&#8221;middle&#8221;][vc_column_inner width=&#8221;1\/2&#8243; css=&#8221;.vc_custom_1491746388981{padding-bottom: 50px !important;}&#8221;]<style type=\"text\/css\" data-type=\"the7_shortcodes-inline-css\">.shortcode-single-image-wrap.shortcode-single-image-60e6f4ee2cef947b77d56e012b85835c.enable-bg-rollover .rollover i,\n.shortcode-single-image-wrap.shortcode-single-image-60e6f4ee2cef947b77d56e012b85835c.enable-bg-rollover .rollover-video i {\n  background: -webkit-linear-gradient();\n  background: linear-gradient();\n}\n.shortcode-single-image-wrap.shortcode-single-image-60e6f4ee2cef947b77d56e012b85835c .rollover-icon {\n  font-size: 32px;\n  color: #ffffff;\n  min-width: 44px;\n  min-height: 44px;\n  line-height: 44px;\n  border-radius: 100px;\n  border-style: solid;\n  border-width: 0px;\n}\n.dt-icon-bg-on.shortcode-single-image-wrap.shortcode-single-image-60e6f4ee2cef947b77d56e012b85835c .rollover-icon {\n  background: rgba(255,255,255,0.3);\n  box-shadow: none;\n}\n<\/style><div class=\"shortcode-single-image-wrap shortcode-single-image-60e6f4ee2cef947b77d56e012b85835c alignnone  enable-bg-rollover dt-icon-bg-off\" style=\"margin-top:0px; margin-bottom:0px; margin-left:0px; margin-right:0px; width:1000px;\"><div class=\"shortcode-single-image\"><div class=\"fancy-media-wrap  layzr-bg\" style=\"\"><img decoding=\"async\" class=\"preload-me lazy-load aspect\" src=\"data:image\/svg+xml,%3Csvg%20xmlns%3D&#39;http%3A%2F%2Fwww.w3.org%2F2000%2Fsvg&#39;%20viewBox%3D&#39;0%200%201000%20700&#39;%2F%3E\" data-src=\"https:\/\/jm-process.com\/de\/wp-content\/uploads\/sites\/3\/2019\/09\/praezise-teile-und-ueberpruefung-1000x700.jpg\" data-srcset=\"https:\/\/jm-process.com\/de\/wp-content\/uploads\/sites\/3\/2019\/09\/praezise-teile-und-ueberpruefung-1000x700.jpg 1000w, https:\/\/jm-process.com\/de\/wp-content\/uploads\/sites\/3\/2019\/09\/praezise-teile-und-ueberpruefung-1142x800.jpg 1142w\" loading=\"eager\" sizes=\"(max-width: 1000px) 100vw, 1000px\" width=\"1000\" height=\"700\"  data-dt-location=\"https:\/\/jm-process.com\/de\/cnc-drehteile\/engineer-showing-apprentice-how-to-measure-cad-drawings\/\" style=\"--ratio: 1000 \/ 700;\" alt=\"Pr\u00e4zise CNC Teile\" \/><\/div><\/div><\/div>[\/vc_column_inner][vc_column_inner width=&#8221;1\/2&#8243; css=&#8221;.vc_custom_1491746397816{padding-bottom: 50px !important;}&#8221;]<div id=\"ultimate-heading-715669e9bab6d4d61\" class=\"uvc-heading ult-adjust-bottom-margin ultimate-heading-715669e9bab6d4d61 uvc-1947 accent-border-color\" data-hspacer=\"line_only\"  data-halign=\"left\" style=\"text-align:left\"><div class=\"uvc-main-heading ult-responsive\"  data-ultimate-target='.uvc-heading.ultimate-heading-715669e9bab6d4d61 h2'  data-responsive-json-new='{\"font-size\":\"desktop:30px;\",\"line-height\":\"desktop:40px;\"}' ><h2 style=\"font-weight:bold;margin-bottom:5px;\">Professionelle CNC Drehteile<\/h2><\/div><div class=\"uvc-heading-spacer line_only\" style=\"margin-bottom:40px;height:3px;\"><span class=\"uvc-headings-line\" style=\"border-style:solid;border-bottom-width:3px;border-color:;width:80px;\"><\/span><\/div><\/div>[vc_column_text]<\/p>\n<p>Unsere Produkte werden in der Pharma-, Lebensmittel- und Elektronikindustrie eingesetzt. Wir verstehen, dass Unternehmen zuverl\u00e4ssige Partner brauchen, die sich an ihre W\u00fcnsche anpassen k\u00f6nnen. Deshalb ist dies unsere gr\u00f6\u00dfte St\u00e4rke geworden. Wir stellen sicher, dass unsere Kunden immer ein hochwertiges Endprodukt erhalten.<\/p>\n<p><strong>Die Abmessungen der Endprodukte, die wir herstellen k\u00f6nnen, sind:<\/strong><\/p>\n<ul>\n<li>maximaler Durchmesser 300 mm und maximale L\u00e4nge 500 mm.<\/li>\n<\/ul>\n<p>[\/vc_column_text][\/vc_column_inner][\/vc_row_inner][\/vc_column][\/vc_row]<\/p>\n","protected":false},"excerpt":{"rendered":"<p>[vc_row type=&#8221;vc_default&#8221; equal_height=&#8221;yes&#8221; content_placement=&#8221;middle&#8221; margin_top=&#8221;5&#8243; margin_bottom=&#8221;10&#8243;][vc_column offset=&#8221;vc_col-lg-offset-2 vc_col-lg-8 vc_col-md-offset-1 vc_col-md-10&#8243;][\/vc_column][vc_column][vc_row_inner equal_height=&#8221;yes&#8221; content_placement=&#8221;middle&#8221; css=&#8221;.vc_custom_1557947103599{margin-top: 50px !important;}&#8221;][vc_column_inner width=&#8221;1\/2&#8243; css=&#8221;.vc_custom_1559159457954{padding-bottom: 50px !important;}&#8221;][\/vc_column_inner][vc_column_inner width=&#8221;1\/2&#8243; css=&#8221;.vc_custom_1559159448936{padding-bottom: 50px !important;}&#8221;][vc_column_text css=&#8221;.vc_custom_1567959164165{padding-bottom: 20px !important;}&#8221;] Wir sind ein Lieferant von CNC-Drehteilen. Die Optimierung und Verbesserung unserer Prozesse f\u00fchrt zu einem Endziel: einem guten Preis-Leistungs-Verh\u00e4ltnis f\u00fcr unsere Kunden. Unser Angebot umfasst Dreharbeiten f\u00fcr kleine und&hellip;<\/p>\n","protected":false},"author":1,"featured_media":0,"parent":0,"menu_order":0,"comment_status":"closed","ping_status":"closed","template":"","meta":{"footnotes":""},"yoast_head":"<!-- This site is optimized with the Yoast SEO plugin v22.5 - https:\/\/yoast.com\/wordpress\/plugins\/seo\/ -->\n<title>CNC Drehteile - JM-Process.de<\/title>\n<meta name=\"robots\" content=\"index, follow, max-snippet:-1, max-image-preview:large, max-video-preview:-1\" \/>\n<link rel=\"canonical\" href=\"https:\/\/jm-process.com\/de\/cnc-drehteile\/\" \/>\n<meta property=\"og:locale\" content=\"en_US\" \/>\n<meta property=\"og:type\" content=\"article\" \/>\n<meta property=\"og:title\" content=\"CNC Drehteile - JM-Process.de\" \/>\n<meta property=\"og:description\" content=\"[vc_row type=&#8221;vc_default&#8221; equal_height=&#8221;yes&#8221; content_placement=&#8221;middle&#8221; margin_top=&#8221;5&#8243; margin_bottom=&#8221;10&#8243;][vc_column offset=&#8221;vc_col-lg-offset-2 vc_col-lg-8 vc_col-md-offset-1 vc_col-md-10&#8243;][\/vc_column][vc_column][vc_row_inner equal_height=&#8221;yes&#8221; content_placement=&#8221;middle&#8221; css=&#8221;.vc_custom_1557947103599{margin-top: 50px !important;}&#8221;][vc_column_inner width=&#8221;1\/2&#8243; css=&#8221;.vc_custom_1559159457954{padding-bottom: 50px !important;}&#8221;][\/vc_column_inner][vc_column_inner width=&#8221;1\/2&#8243; css=&#8221;.vc_custom_1559159448936{padding-bottom: 50px !important;}&#8221;][vc_column_text css=&#8221;.vc_custom_1567959164165{padding-bottom: 20px !important;}&#8221;] Wir sind ein Lieferant von CNC-Drehteilen. Die Optimierung und Verbesserung unserer Prozesse f\u00fchrt zu einem Endziel: einem guten Preis-Leistungs-Verh\u00e4ltnis f\u00fcr unsere Kunden. Unser Angebot umfasst Dreharbeiten f\u00fcr kleine und&hellip;\" \/>\n<meta property=\"og:url\" content=\"https:\/\/jm-process.com\/de\/cnc-drehteile\/\" \/>\n<meta property=\"og:site_name\" content=\"JM-Process.de\" \/>\n<meta property=\"article:modified_time\" content=\"2019-10-08T18:38:07+00:00\" \/>\n<meta name=\"twitter:card\" content=\"summary_large_image\" \/>\n<meta name=\"twitter:label1\" content=\"Est. reading time\" \/>\n\t<meta name=\"twitter:data1\" content=\"4 minutes\" \/>\n<script type=\"application\/ld+json\" class=\"yoast-schema-graph\">{\"@context\":\"https:\/\/schema.org\",\"@graph\":[{\"@type\":\"WebPage\",\"@id\":\"https:\/\/jm-process.com\/de\/cnc-drehteile\/\",\"url\":\"https:\/\/jm-process.com\/de\/cnc-drehteile\/\",\"name\":\"CNC Drehteile - JM-Process.de\",\"isPartOf\":{\"@id\":\"https:\/\/jm-process.com\/de\/#website\"},\"datePublished\":\"2019-09-08T16:18:25+00:00\",\"dateModified\":\"2019-10-08T18:38:07+00:00\",\"breadcrumb\":{\"@id\":\"https:\/\/jm-process.com\/de\/cnc-drehteile\/#breadcrumb\"},\"inLanguage\":\"en-US\",\"potentialAction\":[{\"@type\":\"ReadAction\",\"target\":[\"https:\/\/jm-process.com\/de\/cnc-drehteile\/\"]}]},{\"@type\":\"BreadcrumbList\",\"@id\":\"https:\/\/jm-process.com\/de\/cnc-drehteile\/#breadcrumb\",\"itemListElement\":[{\"@type\":\"ListItem\",\"position\":1,\"name\":\"Home\",\"item\":\"https:\/\/jm-process.com\/de\/\"},{\"@type\":\"ListItem\",\"position\":2,\"name\":\"CNC Drehteile\"}]},{\"@type\":\"WebSite\",\"@id\":\"https:\/\/jm-process.com\/de\/#website\",\"url\":\"https:\/\/jm-process.com\/de\/\",\"name\":\"JM-Process.de\",\"description\":\"Beste maschinelle Verarbeitung.\",\"potentialAction\":[{\"@type\":\"SearchAction\",\"target\":{\"@type\":\"EntryPoint\",\"urlTemplate\":\"https:\/\/jm-process.com\/de\/?s={search_term_string}\"},\"query-input\":\"required name=search_term_string\"}],\"inLanguage\":\"en-US\"}]}<\/script>\n<!-- \/ Yoast SEO plugin. -->","yoast_head_json":{"title":"CNC Drehteile - JM-Process.de","robots":{"index":"index","follow":"follow","max-snippet":"max-snippet:-1","max-image-preview":"max-image-preview:large","max-video-preview":"max-video-preview:-1"},"canonical":"https:\/\/jm-process.com\/de\/cnc-drehteile\/","og_locale":"en_US","og_type":"article","og_title":"CNC Drehteile - JM-Process.de","og_description":"[vc_row type=&#8221;vc_default&#8221; equal_height=&#8221;yes&#8221; content_placement=&#8221;middle&#8221; margin_top=&#8221;5&#8243; margin_bottom=&#8221;10&#8243;][vc_column offset=&#8221;vc_col-lg-offset-2 vc_col-lg-8 vc_col-md-offset-1 vc_col-md-10&#8243;][\/vc_column][vc_column][vc_row_inner equal_height=&#8221;yes&#8221; content_placement=&#8221;middle&#8221; css=&#8221;.vc_custom_1557947103599{margin-top: 50px !important;}&#8221;][vc_column_inner width=&#8221;1\/2&#8243; css=&#8221;.vc_custom_1559159457954{padding-bottom: 50px !important;}&#8221;][\/vc_column_inner][vc_column_inner width=&#8221;1\/2&#8243; css=&#8221;.vc_custom_1559159448936{padding-bottom: 50px !important;}&#8221;][vc_column_text css=&#8221;.vc_custom_1567959164165{padding-bottom: 20px !important;}&#8221;] Wir sind ein Lieferant von CNC-Drehteilen. Die Optimierung und Verbesserung unserer Prozesse f\u00fchrt zu einem Endziel: einem guten Preis-Leistungs-Verh\u00e4ltnis f\u00fcr unsere Kunden. Unser Angebot umfasst Dreharbeiten f\u00fcr kleine und&hellip;","og_url":"https:\/\/jm-process.com\/de\/cnc-drehteile\/","og_site_name":"JM-Process.de","article_modified_time":"2019-10-08T18:38:07+00:00","twitter_card":"summary_large_image","twitter_misc":{"Est. reading time":"4 minutes"},"schema":{"@context":"https:\/\/schema.org","@graph":[{"@type":"WebPage","@id":"https:\/\/jm-process.com\/de\/cnc-drehteile\/","url":"https:\/\/jm-process.com\/de\/cnc-drehteile\/","name":"CNC Drehteile - JM-Process.de","isPartOf":{"@id":"https:\/\/jm-process.com\/de\/#website"},"datePublished":"2019-09-08T16:18:25+00:00","dateModified":"2019-10-08T18:38:07+00:00","breadcrumb":{"@id":"https:\/\/jm-process.com\/de\/cnc-drehteile\/#breadcrumb"},"inLanguage":"en-US","potentialAction":[{"@type":"ReadAction","target":["https:\/\/jm-process.com\/de\/cnc-drehteile\/"]}]},{"@type":"BreadcrumbList","@id":"https:\/\/jm-process.com\/de\/cnc-drehteile\/#breadcrumb","itemListElement":[{"@type":"ListItem","position":1,"name":"Home","item":"https:\/\/jm-process.com\/de\/"},{"@type":"ListItem","position":2,"name":"CNC Drehteile"}]},{"@type":"WebSite","@id":"https:\/\/jm-process.com\/de\/#website","url":"https:\/\/jm-process.com\/de\/","name":"JM-Process.de","description":"Beste maschinelle Verarbeitung.","potentialAction":[{"@type":"SearchAction","target":{"@type":"EntryPoint","urlTemplate":"https:\/\/jm-process.com\/de\/?s={search_term_string}"},"query-input":"required name=search_term_string"}],"inLanguage":"en-US"}]}},"_links":{"self":[{"href":"https:\/\/jm-process.com\/de\/wp-json\/wp\/v2\/pages\/11"}],"collection":[{"href":"https:\/\/jm-process.com\/de\/wp-json\/wp\/v2\/pages"}],"about":[{"href":"https:\/\/jm-process.com\/de\/wp-json\/wp\/v2\/types\/page"}],"author":[{"embeddable":true,"href":"https:\/\/jm-process.com\/de\/wp-json\/wp\/v2\/users\/1"}],"replies":[{"embeddable":true,"href":"https:\/\/jm-process.com\/de\/wp-json\/wp\/v2\/comments?post=11"}],"version-history":[{"count":7,"href":"https:\/\/jm-process.com\/de\/wp-json\/wp\/v2\/pages\/11\/revisions"}],"predecessor-version":[{"id":30301,"href":"https:\/\/jm-process.com\/de\/wp-json\/wp\/v2\/pages\/11\/revisions\/30301"}],"wp:attachment":[{"href":"https:\/\/jm-process.com\/de\/wp-json\/wp\/v2\/media?parent=11"}],"curies":[{"name":"wp","href":"https:\/\/api.w.org\/{rel}","templated":true}]}}