{"id":22,"date":"2019-09-08T17:40:04","date_gmt":"2019-09-08T15:40:04","guid":{"rendered":"http:\/\/jm-process.com\/de\/?page_id=22"},"modified":"2019-09-22T21:37:48","modified_gmt":"2019-09-22T19:37:48","slug":"cnc-frasteile","status":"publish","type":"page","link":"https:\/\/jm-process.com\/de\/cnc-frasteile\/","title":{"rendered":"CNC Fr\u00e4steile"},"content":{"rendered":"<p>[vc_row type=&#8221;vc_default&#8221; equal_height=&#8221;yes&#8221; content_placement=&#8221;middle&#8221; margin_top=&#8221;5&#8243; margin_bottom=&#8221;10&#8243;][vc_column offset=&#8221;vc_col-lg-offset-2 vc_col-lg-8 vc_col-md-offset-1 vc_col-md-10&#8243;]<div id=\"ultimate-heading-924069e9ba8f7375d\" class=\"uvc-heading ult-adjust-bottom-margin ultimate-heading-924069e9ba8f7375d uvc-5800 accent-border-color\" data-hspacer=\"line_only\"  data-halign=\"center\" style=\"text-align:center\"><div class=\"uvc-main-heading ult-responsive\"  data-ultimate-target='.uvc-heading.ultimate-heading-924069e9ba8f7375d h1'  data-responsive-json-new='{\"font-size\":\"desktop:44px;tablet_portrait:30px;\",\"line-height\":\"desktop:54px;tablet_portrait:40px;\"}' ><h1 style=\"font-weight:bold;margin-bottom:10px;\">CNC Fr\u00e4steile<\/h1><\/div><div class=\"uvc-heading-spacer line_only\" style=\"margin-bottom:40px;height:5px;\"><span class=\"uvc-headings-line\" style=\"border-style:solid;border-bottom-width:5px;border-color:;width:120px;\"><\/span><\/div><\/div>[\/vc_column][vc_column][vc_row_inner equal_height=&#8221;yes&#8221; content_placement=&#8221;middle&#8221; css=&#8221;.vc_custom_1557947103599{margin-top: 50px !important;}&#8221;][vc_column_inner width=&#8221;1\/2&#8243; css=&#8221;.vc_custom_1491746388981{padding-bottom: 50px !important;}&#8221;]<style type=\"text\/css\" data-type=\"the7_shortcodes-inline-css\">.shortcode-single-image-wrap.shortcode-single-image-f7bada2a8461532dbe90bfe90e97288b.enable-bg-rollover .rollover i,\n.shortcode-single-image-wrap.shortcode-single-image-f7bada2a8461532dbe90bfe90e97288b.enable-bg-rollover .rollover-video i {\n  background: -webkit-linear-gradient();\n  background: linear-gradient();\n}\n.shortcode-single-image-wrap.shortcode-single-image-f7bada2a8461532dbe90bfe90e97288b .rollover-icon {\n  font-size: 32px;\n  color: #ffffff;\n  min-width: 44px;\n  min-height: 44px;\n  line-height: 44px;\n  border-radius: 100px;\n  border-style: solid;\n  border-width: 0px;\n}\n.dt-icon-bg-on.shortcode-single-image-wrap.shortcode-single-image-f7bada2a8461532dbe90bfe90e97288b .rollover-icon {\n  background: rgba(255,255,255,0.3);\n  box-shadow: none;\n}\n<\/style><div class=\"shortcode-single-image-wrap shortcode-single-image-f7bada2a8461532dbe90bfe90e97288b alignnone  enable-bg-rollover dt-icon-bg-off\" style=\"margin-top:0px; margin-bottom:0px; margin-left:0px; margin-right:0px; width:1000px;\"><div class=\"shortcode-single-image\"><div class=\"fancy-media-wrap  layzr-bg\" style=\"\"><img fetchpriority=\"high\" decoding=\"async\" class=\"preload-me lazy-load aspect\" src=\"data:image\/svg+xml,%3Csvg%20xmlns%3D&#39;http%3A%2F%2Fwww.w3.org%2F2000%2Fsvg&#39;%20viewBox%3D&#39;0%200%201000%20700&#39;%2F%3E\" data-src=\"https:\/\/jm-process.com\/de\/wp-content\/uploads\/sites\/3\/2019\/09\/cnc-fraesteile-1000x700.jpg\" data-srcset=\"https:\/\/jm-process.com\/de\/wp-content\/uploads\/sites\/3\/2019\/09\/cnc-fraesteile-1000x700.jpg 1000w, https:\/\/jm-process.com\/de\/wp-content\/uploads\/sites\/3\/2019\/09\/cnc-fraesteile-1142x800.jpg 1142w\" loading=\"eager\" sizes=\"(max-width: 1000px) 100vw, 1000px\" width=\"1000\" height=\"700\"  data-dt-location=\"https:\/\/jm-process.com\/de\/cnc-frasteile\/cnc-fraesteile\/\" style=\"--ratio: 1000 \/ 700;\" alt=\"CNC Fr\u00e4steile\" \/><\/div><\/div><\/div>[\/vc_column_inner][vc_column_inner width=&#8221;1\/2&#8243;]<div id=\"ultimate-heading-866469e9ba8f743f9\" class=\"uvc-heading ult-adjust-bottom-margin ultimate-heading-866469e9ba8f743f9 uvc-3330 accent-border-color\" data-hspacer=\"line_only\"  data-halign=\"left\" style=\"text-align:left\"><div class=\"uvc-main-heading ult-responsive\"  data-ultimate-target='.uvc-heading.ultimate-heading-866469e9ba8f743f9 h2'  data-responsive-json-new='{\"font-size\":\"desktop:30px;\",\"line-height\":\"desktop:40px;\"}' ><h2 style=\"font-weight:bold;margin-bottom:5px;\">Teile nach Ihrem Wunsch<\/h2><\/div><div class=\"uvc-heading-spacer line_only\" style=\"margin-bottom:40px;height:3px;\"><span class=\"uvc-headings-line\" style=\"border-style:solid;border-bottom-width:3px;border-color:;width:80px;\"><\/span><\/div><\/div>[vc_column_text css=&#8221;.vc_custom_1567957484479{padding-bottom: 20px !important;}&#8221;]<\/p>\n<p>Die Herstellung von spezifisch bearbeiteten Teilen war schon immer unser gr\u00f6\u00dfter Vorteil. Wir sind vor allem auf kleine und mittlere Serien spezialisiert.<\/p>\n<p>Weitere Verfahren, die auf Anfrage durchgef\u00fchrt werden k\u00f6nnen, sind das Schleifen von Metallteilen sowie W\u00e4rme- und Oberfl\u00e4chenbehandlungen. Ein Erstmusterpr\u00fcfbericht kann ebenfalls erstellt werden.<\/p>\n<p>[\/vc_column_text]<style type=\"text\/css\" data-type=\"the7_shortcodes-inline-css\">#default-btn-94a31aacca237365a83efb1fb73a3b8f.ico-right-side > i {\n  margin-right: 0px;\n  margin-left: 8px;\n}\n#default-btn-94a31aacca237365a83efb1fb73a3b8f > i {\n  margin-right: 8px;\n}\n<\/style><div class=\"btn-align-left\"><a href=\"http:\/\/jm-process.com\/de\/kontakt\/\" class=\"default-btn-shortcode dt-btn dt-btn-m link-hover-off  vc_custom_1569180476669\" target=\"_blank\" id=\"default-btn-94a31aacca237365a83efb1fb73a3b8f\" title=\"Contact\" rel=\"noopener\"><span>KONTAKTIEREN SIE UNS<\/span><\/a><\/div>[\/vc_column_inner][\/vc_row_inner][\/vc_column][\/vc_row][vc_row type=&#8221;vc_default&#8221; equal_height=&#8221;yes&#8221; content_placement=&#8221;middle&#8221; margin_top=&#8221;5&#8243; margin_bottom=&#8221;10&#8243; bg_type=&#8221;bg_color&#8221; bg_override=&#8221;ex-full&#8221; css=&#8221;.vc_custom_1529505500226{padding-top: 70px !important;padding-bottom: 30px !important;}&#8221; bg_color_value=&#8221;rgba(170,170,170,0.1)&#8221;][vc_column][vc_row_inner equal_height=&#8221;yes&#8221; content_placement=&#8221;middle&#8221;][vc_column_inner width=&#8221;1\/2&#8243; css=&#8221;.vc_custom_1491746397816{padding-bottom: 50px !important;}&#8221;]<div id=\"ultimate-heading-852069e9ba8f74519\" class=\"uvc-heading ult-adjust-bottom-margin ultimate-heading-852069e9ba8f74519 uvc-3790 accent-border-color\" data-hspacer=\"line_only\"  data-halign=\"left\" style=\"text-align:left\"><div class=\"uvc-main-heading ult-responsive\"  data-ultimate-target='.uvc-heading.ultimate-heading-852069e9ba8f74519 h2'  data-responsive-json-new='{\"font-size\":\"desktop:30px;\",\"line-height\":\"desktop:40px;\"}' ><h2 style=\"font-weight:bold;margin-bottom:5px;\">Technologie<\/h2><\/div><div class=\"uvc-heading-spacer line_only\" style=\"margin-bottom:40px;height:3px;\"><span class=\"uvc-headings-line\" style=\"border-style:solid;border-bottom-width:3px;border-color:;width:80px;\"><\/span><\/div><\/div>[vc_column_text]<\/p>\n<p><strong>Materialien:<\/strong><\/p>\n<p>Zu den bearbeiteten Materialien geh\u00f6ren Edelstahl, Stahl, Messing, Aluminium und technische Kunststoffe (PEEK, PVDF, POM&#8230;.).<\/p>\n<p><strong>Technologie:<\/strong><\/p>\n<p>Komplexe Teile k\u00f6nnen auf 3- und 5-achsigen CNC-Fr\u00e4smaschinen gefertigt werden. Fr\u00e4sprodukte werden mit der neuesten CAD\/CAM-Software hergestellt. Wir konzentrieren uns auf die Bearbeitung von Teilen f\u00fcr den Medizinmarkt, die Lebensmittel- und Elektronikindustrie.<\/p>\n<p>[\/vc_column_text][\/vc_column_inner][vc_column_inner width=&#8221;1\/2&#8243; css=&#8221;.vc_custom_1491746388981{padding-bottom: 50px !important;}&#8221;]<style type=\"text\/css\" data-type=\"the7_shortcodes-inline-css\">.shortcode-single-image-wrap.shortcode-single-image-397932d79a46f05284d3b0697175790a.enable-bg-rollover .rollover i,\n.shortcode-single-image-wrap.shortcode-single-image-397932d79a46f05284d3b0697175790a.enable-bg-rollover .rollover-video i {\n  background: -webkit-linear-gradient();\n  background: linear-gradient();\n}\n.shortcode-single-image-wrap.shortcode-single-image-397932d79a46f05284d3b0697175790a .rollover-icon {\n  font-size: 32px;\n  color: #ffffff;\n  min-width: 44px;\n  min-height: 44px;\n  line-height: 44px;\n  border-radius: 100px;\n  border-style: solid;\n  border-width: 0px;\n}\n.dt-icon-bg-on.shortcode-single-image-wrap.shortcode-single-image-397932d79a46f05284d3b0697175790a .rollover-icon {\n  background: rgba(255,255,255,0.3);\n  box-shadow: none;\n}\n<\/style><div class=\"shortcode-single-image-wrap shortcode-single-image-397932d79a46f05284d3b0697175790a alignnone  enable-bg-rollover dt-icon-bg-off\" style=\"margin-top:0px; margin-bottom:0px; margin-left:0px; margin-right:0px; width:1000px;\"><div class=\"shortcode-single-image\"><div class=\"fancy-media-wrap  layzr-bg\" style=\"\"><img decoding=\"async\" class=\"preload-me lazy-load aspect\" src=\"data:image\/svg+xml,%3Csvg%20xmlns%3D&#39;http%3A%2F%2Fwww.w3.org%2F2000%2Fsvg&#39;%20viewBox%3D&#39;0%200%201000%20700&#39;%2F%3E\" data-src=\"https:\/\/jm-process.com\/de\/wp-content\/uploads\/sites\/3\/2019\/09\/fraesteile-nach-wuensch-1000x700.jpg\" data-srcset=\"https:\/\/jm-process.com\/de\/wp-content\/uploads\/sites\/3\/2019\/09\/fraesteile-nach-wuensch-1000x700.jpg 1000w, https:\/\/jm-process.com\/de\/wp-content\/uploads\/sites\/3\/2019\/09\/fraesteile-nach-wuensch-1238x867.jpg 1238w\" loading=\"eager\" sizes=\"(max-width: 1000px) 100vw, 1000px\" width=\"1000\" height=\"700\"  data-dt-location=\"https:\/\/jm-process.com\/de\/cnc-frasteile\/fraesteile-nach-wuensch\/\" style=\"--ratio: 1000 \/ 700;\" alt=\"Fr\u00e4steile nach W\u00fcnsch\" \/><\/div><\/div><\/div>[\/vc_column_inner][\/vc_row_inner][\/vc_column][\/vc_row][vc_row type=&#8221;vc_default&#8221; equal_height=&#8221;yes&#8221; content_placement=&#8221;middle&#8221; margin_top=&#8221;5&#8243; margin_bottom=&#8221;10&#8243; bg_type=&#8221;bg_color&#8221; bg_override=&#8221;ex-full&#8221; css=&#8221;.vc_custom_1529516475808{padding-top: 70px !important;padding-bottom: 20px !important;}&#8221; bg_color_value=&#8221;rgba(170,170,170,0.1)&#8221;][vc_column][vc_row_inner equal_height=&#8221;yes&#8221; content_placement=&#8221;middle&#8221;][vc_column_inner width=&#8221;1\/2&#8243; css=&#8221;.vc_custom_1491746388981{padding-bottom: 50px !important;}&#8221;]<style type=\"text\/css\" data-type=\"the7_shortcodes-inline-css\">.shortcode-single-image-wrap.shortcode-single-image-87b6e616cee8dc6d02ad279e0b08b243.enable-bg-rollover .rollover i,\n.shortcode-single-image-wrap.shortcode-single-image-87b6e616cee8dc6d02ad279e0b08b243.enable-bg-rollover .rollover-video i {\n  background: -webkit-linear-gradient();\n  background: linear-gradient();\n}\n.shortcode-single-image-wrap.shortcode-single-image-87b6e616cee8dc6d02ad279e0b08b243 .rollover-icon {\n  font-size: 32px;\n  color: #ffffff;\n  min-width: 44px;\n  min-height: 44px;\n  line-height: 44px;\n  border-radius: 100px;\n  border-style: solid;\n  border-width: 0px;\n}\n.dt-icon-bg-on.shortcode-single-image-wrap.shortcode-single-image-87b6e616cee8dc6d02ad279e0b08b243 .rollover-icon {\n  background: rgba(255,255,255,0.3);\n  box-shadow: none;\n}\n<\/style><div class=\"shortcode-single-image-wrap shortcode-single-image-87b6e616cee8dc6d02ad279e0b08b243 alignnone  enable-bg-rollover dt-icon-bg-off\" style=\"margin-top:0px; margin-bottom:0px; margin-left:0px; margin-right:0px; width:1000px;\"><div class=\"shortcode-single-image\"><div class=\"fancy-media-wrap  layzr-bg\" style=\"\"><img decoding=\"async\" class=\"preload-me lazy-load aspect\" src=\"data:image\/svg+xml,%3Csvg%20xmlns%3D&#39;http%3A%2F%2Fwww.w3.org%2F2000%2Fsvg&#39;%20viewBox%3D&#39;0%200%201000%20700&#39;%2F%3E\" data-src=\"https:\/\/jm-process.com\/de\/wp-content\/uploads\/sites\/3\/2019\/09\/vorbereitung-fuer-cnc-fraesen-1000x700.jpg\" data-srcset=\"https:\/\/jm-process.com\/de\/wp-content\/uploads\/sites\/3\/2019\/09\/vorbereitung-fuer-cnc-fraesen-1000x700.jpg 1000w, https:\/\/jm-process.com\/de\/wp-content\/uploads\/sites\/3\/2019\/09\/vorbereitung-fuer-cnc-fraesen-1428x1000.jpg 1428w\" loading=\"eager\" sizes=\"(max-width: 1000px) 100vw, 1000px\" width=\"1000\" height=\"700\"  data-dt-location=\"https:\/\/jm-process.com\/de\/cnc-drehteile\/male-engineer-using-cad-programming-software-on-laptop\/\" style=\"--ratio: 1000 \/ 700;\" alt=\"Pr\u00e4zises Testen der CNC Teile\" \/><\/div><\/div><\/div>[\/vc_column_inner][vc_column_inner width=&#8221;1\/2&#8243; css=&#8221;.vc_custom_1491746397816{padding-bottom: 50px !important;}&#8221;]<div id=\"ultimate-heading-638269e9ba8f75255\" class=\"uvc-heading ult-adjust-bottom-margin ultimate-heading-638269e9ba8f75255 uvc-264 accent-border-color\" data-hspacer=\"line_only\"  data-halign=\"left\" style=\"text-align:left\"><div class=\"uvc-main-heading ult-responsive\"  data-ultimate-target='.uvc-heading.ultimate-heading-638269e9ba8f75255 h2'  data-responsive-json-new='{\"font-size\":\"desktop:30px;\",\"line-height\":\"desktop:40px;\"}' ><h2 style=\"font-weight:bold;margin-bottom:5px;\">CNC Fr\u00e4steile - Schnell und zuverl\u00e4ssig<\/h2><\/div><div class=\"uvc-heading-spacer line_only\" style=\"margin-bottom:40px;height:3px;\"><span class=\"uvc-headings-line\" style=\"border-style:solid;border-bottom-width:3px;border-color:;width:80px;\"><\/span><\/div><\/div>[vc_column_text]<\/p>\n<p>Die reichen Erfahrungen und das Wissen in der Arbeit mit dem CNC-3D-Fr\u00e4sen erm\u00f6glicht es uns, Fr\u00e4sprodukte von bester Qualit\u00e4t anzubieten.<\/p>\n<p><strong>Max. Abmessungen der Endst\u00fccke, die wir herstellen k\u00f6nnen:<\/strong><\/p>\n<p>1.000 x 600 x 500 x 500 mm.<\/p>\n<p>[\/vc_column_text][\/vc_column_inner][\/vc_row_inner][\/vc_column][\/vc_row][vc_row][vc_column][vc_column_text]<br \/>\n<!-- \/wp:shortcode -->[\/vc_column_text][\/vc_column][\/vc_row]<\/p>\n","protected":false},"excerpt":{"rendered":"<p>[vc_row type=&#8221;vc_default&#8221; equal_height=&#8221;yes&#8221; content_placement=&#8221;middle&#8221; margin_top=&#8221;5&#8243; margin_bottom=&#8221;10&#8243;][vc_column offset=&#8221;vc_col-lg-offset-2 vc_col-lg-8 vc_col-md-offset-1 vc_col-md-10&#8243;][\/vc_column][vc_column][vc_row_inner equal_height=&#8221;yes&#8221; content_placement=&#8221;middle&#8221; css=&#8221;.vc_custom_1557947103599{margin-top: 50px !important;}&#8221;][vc_column_inner width=&#8221;1\/2&#8243; css=&#8221;.vc_custom_1491746388981{padding-bottom: 50px !important;}&#8221;][\/vc_column_inner][vc_column_inner width=&#8221;1\/2&#8243;][vc_column_text css=&#8221;.vc_custom_1567957484479{padding-bottom: 20px !important;}&#8221;] Die Herstellung von spezifisch bearbeiteten Teilen war schon immer unser gr\u00f6\u00dfter Vorteil. Wir sind vor allem auf kleine und mittlere Serien spezialisiert. Weitere Verfahren, die auf Anfrage durchgef\u00fchrt werden k\u00f6nnen, sind das&hellip;<\/p>\n","protected":false},"author":1,"featured_media":0,"parent":0,"menu_order":0,"comment_status":"closed","ping_status":"closed","template":"","meta":{"footnotes":""},"yoast_head":"<!-- This site is optimized with the Yoast SEO plugin v22.5 - https:\/\/yoast.com\/wordpress\/plugins\/seo\/ -->\n<title>CNC Fr\u00e4steile - JM-Process.de<\/title>\n<meta name=\"robots\" content=\"index, follow, max-snippet:-1, max-image-preview:large, max-video-preview:-1\" \/>\n<link rel=\"canonical\" href=\"https:\/\/jm-process.com\/de\/cnc-frasteile\/\" \/>\n<meta property=\"og:locale\" content=\"en_US\" \/>\n<meta property=\"og:type\" content=\"article\" \/>\n<meta property=\"og:title\" content=\"CNC Fr\u00e4steile - JM-Process.de\" \/>\n<meta property=\"og:description\" content=\"[vc_row type=&#8221;vc_default&#8221; equal_height=&#8221;yes&#8221; content_placement=&#8221;middle&#8221; margin_top=&#8221;5&#8243; margin_bottom=&#8221;10&#8243;][vc_column offset=&#8221;vc_col-lg-offset-2 vc_col-lg-8 vc_col-md-offset-1 vc_col-md-10&#8243;][\/vc_column][vc_column][vc_row_inner equal_height=&#8221;yes&#8221; content_placement=&#8221;middle&#8221; css=&#8221;.vc_custom_1557947103599{margin-top: 50px !important;}&#8221;][vc_column_inner width=&#8221;1\/2&#8243; css=&#8221;.vc_custom_1491746388981{padding-bottom: 50px !important;}&#8221;][\/vc_column_inner][vc_column_inner width=&#8221;1\/2&#8243;][vc_column_text css=&#8221;.vc_custom_1567957484479{padding-bottom: 20px !important;}&#8221;] Die Herstellung von spezifisch bearbeiteten Teilen war schon immer unser gr\u00f6\u00dfter Vorteil. Wir sind vor allem auf kleine und mittlere Serien spezialisiert. Weitere Verfahren, die auf Anfrage durchgef\u00fchrt werden k\u00f6nnen, sind das&hellip;\" \/>\n<meta property=\"og:url\" content=\"https:\/\/jm-process.com\/de\/cnc-frasteile\/\" \/>\n<meta property=\"og:site_name\" content=\"JM-Process.de\" \/>\n<meta property=\"article:modified_time\" content=\"2019-09-22T19:37:48+00:00\" \/>\n<meta name=\"twitter:card\" content=\"summary_large_image\" \/>\n<meta name=\"twitter:label1\" content=\"Est. reading time\" \/>\n\t<meta name=\"twitter:data1\" content=\"4 minutes\" \/>\n<script type=\"application\/ld+json\" class=\"yoast-schema-graph\">{\"@context\":\"https:\/\/schema.org\",\"@graph\":[{\"@type\":\"WebPage\",\"@id\":\"https:\/\/jm-process.com\/de\/cnc-frasteile\/\",\"url\":\"https:\/\/jm-process.com\/de\/cnc-frasteile\/\",\"name\":\"CNC Fr\u00e4steile - JM-Process.de\",\"isPartOf\":{\"@id\":\"https:\/\/jm-process.com\/de\/#website\"},\"datePublished\":\"2019-09-08T15:40:04+00:00\",\"dateModified\":\"2019-09-22T19:37:48+00:00\",\"breadcrumb\":{\"@id\":\"https:\/\/jm-process.com\/de\/cnc-frasteile\/#breadcrumb\"},\"inLanguage\":\"en-US\",\"potentialAction\":[{\"@type\":\"ReadAction\",\"target\":[\"https:\/\/jm-process.com\/de\/cnc-frasteile\/\"]}]},{\"@type\":\"BreadcrumbList\",\"@id\":\"https:\/\/jm-process.com\/de\/cnc-frasteile\/#breadcrumb\",\"itemListElement\":[{\"@type\":\"ListItem\",\"position\":1,\"name\":\"Home\",\"item\":\"https:\/\/jm-process.com\/de\/\"},{\"@type\":\"ListItem\",\"position\":2,\"name\":\"CNC Fr\u00e4steile\"}]},{\"@type\":\"WebSite\",\"@id\":\"https:\/\/jm-process.com\/de\/#website\",\"url\":\"https:\/\/jm-process.com\/de\/\",\"name\":\"JM-Process.de\",\"description\":\"Beste maschinelle Verarbeitung.\",\"potentialAction\":[{\"@type\":\"SearchAction\",\"target\":{\"@type\":\"EntryPoint\",\"urlTemplate\":\"https:\/\/jm-process.com\/de\/?s={search_term_string}\"},\"query-input\":\"required name=search_term_string\"}],\"inLanguage\":\"en-US\"}]}<\/script>\n<!-- \/ Yoast SEO plugin. -->","yoast_head_json":{"title":"CNC Fr\u00e4steile - JM-Process.de","robots":{"index":"index","follow":"follow","max-snippet":"max-snippet:-1","max-image-preview":"max-image-preview:large","max-video-preview":"max-video-preview:-1"},"canonical":"https:\/\/jm-process.com\/de\/cnc-frasteile\/","og_locale":"en_US","og_type":"article","og_title":"CNC Fr\u00e4steile - JM-Process.de","og_description":"[vc_row type=&#8221;vc_default&#8221; equal_height=&#8221;yes&#8221; content_placement=&#8221;middle&#8221; margin_top=&#8221;5&#8243; margin_bottom=&#8221;10&#8243;][vc_column offset=&#8221;vc_col-lg-offset-2 vc_col-lg-8 vc_col-md-offset-1 vc_col-md-10&#8243;][\/vc_column][vc_column][vc_row_inner equal_height=&#8221;yes&#8221; content_placement=&#8221;middle&#8221; css=&#8221;.vc_custom_1557947103599{margin-top: 50px !important;}&#8221;][vc_column_inner width=&#8221;1\/2&#8243; css=&#8221;.vc_custom_1491746388981{padding-bottom: 50px !important;}&#8221;][\/vc_column_inner][vc_column_inner width=&#8221;1\/2&#8243;][vc_column_text css=&#8221;.vc_custom_1567957484479{padding-bottom: 20px !important;}&#8221;] Die Herstellung von spezifisch bearbeiteten Teilen war schon immer unser gr\u00f6\u00dfter Vorteil. Wir sind vor allem auf kleine und mittlere Serien spezialisiert. Weitere Verfahren, die auf Anfrage durchgef\u00fchrt werden k\u00f6nnen, sind das&hellip;","og_url":"https:\/\/jm-process.com\/de\/cnc-frasteile\/","og_site_name":"JM-Process.de","article_modified_time":"2019-09-22T19:37:48+00:00","twitter_card":"summary_large_image","twitter_misc":{"Est. reading time":"4 minutes"},"schema":{"@context":"https:\/\/schema.org","@graph":[{"@type":"WebPage","@id":"https:\/\/jm-process.com\/de\/cnc-frasteile\/","url":"https:\/\/jm-process.com\/de\/cnc-frasteile\/","name":"CNC Fr\u00e4steile - JM-Process.de","isPartOf":{"@id":"https:\/\/jm-process.com\/de\/#website"},"datePublished":"2019-09-08T15:40:04+00:00","dateModified":"2019-09-22T19:37:48+00:00","breadcrumb":{"@id":"https:\/\/jm-process.com\/de\/cnc-frasteile\/#breadcrumb"},"inLanguage":"en-US","potentialAction":[{"@type":"ReadAction","target":["https:\/\/jm-process.com\/de\/cnc-frasteile\/"]}]},{"@type":"BreadcrumbList","@id":"https:\/\/jm-process.com\/de\/cnc-frasteile\/#breadcrumb","itemListElement":[{"@type":"ListItem","position":1,"name":"Home","item":"https:\/\/jm-process.com\/de\/"},{"@type":"ListItem","position":2,"name":"CNC Fr\u00e4steile"}]},{"@type":"WebSite","@id":"https:\/\/jm-process.com\/de\/#website","url":"https:\/\/jm-process.com\/de\/","name":"JM-Process.de","description":"Beste maschinelle Verarbeitung.","potentialAction":[{"@type":"SearchAction","target":{"@type":"EntryPoint","urlTemplate":"https:\/\/jm-process.com\/de\/?s={search_term_string}"},"query-input":"required name=search_term_string"}],"inLanguage":"en-US"}]}},"_links":{"self":[{"href":"https:\/\/jm-process.com\/de\/wp-json\/wp\/v2\/pages\/22"}],"collection":[{"href":"https:\/\/jm-process.com\/de\/wp-json\/wp\/v2\/pages"}],"about":[{"href":"https:\/\/jm-process.com\/de\/wp-json\/wp\/v2\/types\/page"}],"author":[{"embeddable":true,"href":"https:\/\/jm-process.com\/de\/wp-json\/wp\/v2\/users\/1"}],"replies":[{"embeddable":true,"href":"https:\/\/jm-process.com\/de\/wp-json\/wp\/v2\/comments?post=22"}],"version-history":[{"count":6,"href":"https:\/\/jm-process.com\/de\/wp-json\/wp\/v2\/pages\/22\/revisions"}],"predecessor-version":[{"id":111,"href":"https:\/\/jm-process.com\/de\/wp-json\/wp\/v2\/pages\/22\/revisions\/111"}],"wp:attachment":[{"href":"https:\/\/jm-process.com\/de\/wp-json\/wp\/v2\/media?parent=22"}],"curies":[{"name":"wp","href":"https:\/\/api.w.org\/{rel}","templated":true}]}}