{"id":57,"date":"2019-09-08T20:32:57","date_gmt":"2019-09-08T18:32:57","guid":{"rendered":"http:\/\/jm-process.com\/de\/?page_id=57"},"modified":"2024-04-21T19:12:29","modified_gmt":"2024-04-21T17:12:29","slug":"blechbearbeitung%ef%bb%bf","status":"publish","type":"page","link":"https:\/\/jm-process.com\/de\/blechbearbeitung%ef%bb%bf\/","title":{"rendered":"Blechbearbeitung\ufeff"},"content":{"rendered":"<p>[vc_row type=&#8221;vc_default&#8221; equal_height=&#8221;yes&#8221; content_placement=&#8221;middle&#8221; margin_top=&#8221;5&#8243; margin_bottom=&#8221;10&#8243;][vc_column offset=&#8221;vc_col-lg-offset-2 vc_col-lg-8 vc_col-md-offset-1 vc_col-md-10&#8243;]<div id=\"ultimate-heading-536169e9bab7f30f2\" class=\"uvc-heading ult-adjust-bottom-margin ultimate-heading-536169e9bab7f30f2 uvc-6850 accent-border-color\" data-hspacer=\"line_only\"  data-halign=\"center\" style=\"text-align:center\"><div class=\"uvc-main-heading ult-responsive\"  data-ultimate-target='.uvc-heading.ultimate-heading-536169e9bab7f30f2 h1'  data-responsive-json-new='{\"font-size\":\"desktop:44px;tablet_portrait:30px;\",\"line-height\":\"desktop:54px;tablet_portrait:40px;\"}' ><h1 style=\"font-weight:bold;margin-bottom:10px;\">Blechbearbeitung<\/h1><\/div><div class=\"uvc-heading-spacer line_only\" style=\"margin-bottom:40px;height:5px;\"><span class=\"uvc-headings-line\" style=\"border-style:solid;border-bottom-width:5px;border-color:;width:120px;\"><\/span><\/div><\/div>[\/vc_column][vc_column][vc_row_inner equal_height=&#8221;yes&#8221; content_placement=&#8221;middle&#8221; css=&#8221;.vc_custom_1557947103599{margin-top: 50px !important;}&#8221;][vc_column_inner width=&#8221;1\/2&#8243; css=&#8221;.vc_custom_1491746388981{padding-bottom: 50px !important;}&#8221;]<style type=\"text\/css\" data-type=\"the7_shortcodes-inline-css\">.shortcode-single-image-wrap.shortcode-single-image-cf1e9b00d57fb07debb45d6b9eedf77f.enable-bg-rollover .rollover i,\n.shortcode-single-image-wrap.shortcode-single-image-cf1e9b00d57fb07debb45d6b9eedf77f.enable-bg-rollover .rollover-video i {\n  background: -webkit-linear-gradient();\n  background: linear-gradient();\n}\n.shortcode-single-image-wrap.shortcode-single-image-cf1e9b00d57fb07debb45d6b9eedf77f .rollover-icon {\n  font-size: 32px;\n  color: #ffffff;\n  min-width: 44px;\n  min-height: 44px;\n  line-height: 44px;\n  border-radius: 100px;\n  border-style: solid;\n  border-width: 0px;\n}\n.dt-icon-bg-on.shortcode-single-image-wrap.shortcode-single-image-cf1e9b00d57fb07debb45d6b9eedf77f .rollover-icon {\n  background: rgba(255,255,255,0.3);\n  box-shadow: none;\n}\n<\/style><div class=\"shortcode-single-image-wrap shortcode-single-image-cf1e9b00d57fb07debb45d6b9eedf77f alignnone  enable-bg-rollover dt-icon-bg-off\" style=\"margin-top:0px; margin-bottom:0px; margin-left:0px; margin-right:0px; width:1000px;\"><div class=\"shortcode-single-image\"><div class=\"fancy-media-wrap  layzr-bg\" style=\"\"><img fetchpriority=\"high\" decoding=\"async\" class=\"preload-me lazy-load aspect\" src=\"data:image\/svg+xml,%3Csvg%20xmlns%3D&#39;http%3A%2F%2Fwww.w3.org%2F2000%2Fsvg&#39;%20viewBox%3D&#39;0%200%201000%20700&#39;%2F%3E\" data-src=\"https:\/\/jm-process.com\/de\/wp-content\/uploads\/sites\/3\/2019\/09\/bediener-an-biegemaschine-1000x700.jpg\" data-srcset=\"https:\/\/jm-process.com\/de\/wp-content\/uploads\/sites\/3\/2019\/09\/bediener-an-biegemaschine-1000x700.jpg 1000w, https:\/\/jm-process.com\/de\/wp-content\/uploads\/sites\/3\/2019\/09\/bediener-an-biegemaschine-1240x868.jpg 1240w\" loading=\"eager\" sizes=\"(max-width: 1000px) 100vw, 1000px\" width=\"1000\" height=\"700\"  data-dt-location=\"https:\/\/jm-process.com\/de\/blechbearbeitung%ef%bb%bf\/bediener-an-biegemaschine\/\" style=\"--ratio: 1000 \/ 700;\" alt=\"Bediener an der Biegemaschine\" \/><\/div><\/div><\/div>[\/vc_column_inner][vc_column_inner width=&#8221;1\/2&#8243;][vc_column_text css=&#8221;.vc_custom_1567967193672{padding-bottom: 20px !important;}&#8221;]<\/p>\n<p>Wir sind spezialisiert auf kleine und mittlere Serien von Produkten mit unterschiedlichen technischen Anforderungen. Unser Sortiment umfasst verschiedene Metallstrukturen, Schr\u00e4nke, Geh\u00e4use, Unterbauteile f\u00fcr Maschinen oder Automaten etc.<\/p>\n<p>Wir bearbeiten Bleche von 0,8 bis 5 mm. Unsere St\u00e4rken sind die Verarbeitung von Stahlplatten, Aluminium und Edelstahl (Inox) Platten. Auf Wunsch des Kunden k\u00f6nnen wir die Verzinkung der Teile \u00fcbernehmen.<\/p>\n<p>[\/vc_column_text]<style type=\"text\/css\" data-type=\"the7_shortcodes-inline-css\">#default-btn-1d7056f91e9c753de752af7ec5decf2f.ico-right-side > i {\n  margin-right: 0px;\n  margin-left: 8px;\n}\n#default-btn-1d7056f91e9c753de752af7ec5decf2f > i {\n  margin-right: 8px;\n}\n<\/style><div class=\"btn-align-left\"><a href=\"http:\/\/jm-process.com\/de\/kontakt\/\" class=\"default-btn-shortcode dt-btn dt-btn-m link-hover-off  vc_custom_1567967279855\" target=\"_blank\" id=\"default-btn-1d7056f91e9c753de752af7ec5decf2f\" title=\"Contact\" rel=\"noopener\"><span>KONTAKT AUFNEHMEN<\/span><\/a><\/div>[\/vc_column_inner][\/vc_row_inner][\/vc_column][\/vc_row][vc_row type=&#8221;vc_default&#8221; equal_height=&#8221;yes&#8221; content_placement=&#8221;middle&#8221; margin_top=&#8221;5&#8243; margin_bottom=&#8221;10&#8243; bg_type=&#8221;bg_color&#8221; bg_override=&#8221;ex-full&#8221; css=&#8221;.vc_custom_1529505500226{padding-top: 70px !important;padding-bottom: 30px !important;}&#8221; bg_color_value=&#8221;rgba(170,170,170,0.1)&#8221;][vc_column][vc_row_inner equal_height=&#8221;yes&#8221; content_placement=&#8221;middle&#8221;][vc_column_inner width=&#8221;1\/2&#8243; css=&#8221;.vc_custom_1491746397816{padding-bottom: 50px !important;}&#8221;]<div id=\"ultimate-heading-513169e9bab80006c\" class=\"uvc-heading ult-adjust-bottom-margin ultimate-heading-513169e9bab80006c uvc-6278 accent-border-color\" data-hspacer=\"line_only\"  data-halign=\"left\" style=\"text-align:left\"><div class=\"uvc-main-heading ult-responsive\"  data-ultimate-target='.uvc-heading.ultimate-heading-513169e9bab80006c h2'  data-responsive-json-new='{\"font-size\":\"desktop:30px;\",\"line-height\":\"desktop:40px;\"}' ><h2 style=\"font-weight:bold;margin-bottom:5px;\">Zu den Dienstleistungen in diesem Bereich geh\u00f6ren:<\/h2><\/div><div class=\"uvc-heading-spacer line_only\" style=\"margin-bottom:40px;height:3px;\"><span class=\"uvc-headings-line\" style=\"border-style:solid;border-bottom-width:3px;border-color:;width:80px;\"><\/span><\/div><\/div><div class=\"standard-arrow bullet-top\"><ul>\n<li>Einpressen,<\/li>\n<li>Stanzen,<\/li>\n<li>Perforieren,<\/li>\n<li>Rundbiegen,<\/li>\n<li>Schwei\u00dfen,<\/li>\n<li>Gleitschleifen<\/li>\n<li>Laserschneiden<\/li>\n<\/ul>\n<\/div>[\/vc_column_inner][vc_column_inner width=&#8221;1\/2&#8243; css=&#8221;.vc_custom_1491746388981{padding-bottom: 50px !important;}&#8221;]<style type=\"text\/css\" data-type=\"the7_shortcodes-inline-css\">.shortcode-single-image-wrap.shortcode-single-image-2be732e82fde2fbc3e7dc8a17d875596.enable-bg-rollover .rollover i,\n.shortcode-single-image-wrap.shortcode-single-image-2be732e82fde2fbc3e7dc8a17d875596.enable-bg-rollover .rollover-video i {\n  background: -webkit-linear-gradient();\n  background: linear-gradient();\n}\n.shortcode-single-image-wrap.shortcode-single-image-2be732e82fde2fbc3e7dc8a17d875596 .rollover-icon {\n  font-size: 32px;\n  color: #ffffff;\n  min-width: 44px;\n  min-height: 44px;\n  line-height: 44px;\n  border-radius: 100px;\n  border-style: solid;\n  border-width: 0px;\n}\n.dt-icon-bg-on.shortcode-single-image-wrap.shortcode-single-image-2be732e82fde2fbc3e7dc8a17d875596 .rollover-icon {\n  background: rgba(255,255,255,0.3);\n  box-shadow: none;\n}\n<\/style><div class=\"shortcode-single-image-wrap shortcode-single-image-2be732e82fde2fbc3e7dc8a17d875596 alignnone  enable-bg-rollover dt-icon-bg-off\" style=\"margin-top:0px; margin-bottom:0px; margin-left:0px; margin-right:0px; width:1000px;\"><div class=\"shortcode-single-image\"><div class=\"fancy-media-wrap  layzr-bg\" style=\"\"><img decoding=\"async\" class=\"preload-me lazy-load aspect\" src=\"data:image\/svg+xml,%3Csvg%20xmlns%3D&#39;http%3A%2F%2Fwww.w3.org%2F2000%2Fsvg&#39;%20viewBox%3D&#39;0%200%201000%20700&#39;%2F%3E\" data-src=\"https:\/\/jm-process.com\/de\/wp-content\/uploads\/sites\/3\/2024\/04\/laser-cuttling-1000x700.jpg\" data-srcset=\"https:\/\/jm-process.com\/de\/wp-content\/uploads\/sites\/3\/2024\/04\/laser-cuttling-1000x700.jpg 1000w, https:\/\/jm-process.com\/de\/wp-content\/uploads\/sites\/3\/2024\/04\/laser-cuttling.jpg 1500w\" loading=\"eager\" sizes=\"(max-width: 1000px) 100vw, 1000px\" width=\"1000\" height=\"700\"  data-dt-location=\"https:\/\/jm-process.com\/de\/laser-cuttling\/\" style=\"--ratio: 1000 \/ 700;\" alt=\"\" \/><\/div><\/div><\/div>[\/vc_column_inner][\/vc_row_inner][\/vc_column][\/vc_row]<\/p>\n","protected":false},"excerpt":{"rendered":"<p>[vc_row type=&#8221;vc_default&#8221; equal_height=&#8221;yes&#8221; content_placement=&#8221;middle&#8221; margin_top=&#8221;5&#8243; margin_bottom=&#8221;10&#8243;][vc_column offset=&#8221;vc_col-lg-offset-2 vc_col-lg-8 vc_col-md-offset-1 vc_col-md-10&#8243;][\/vc_column][vc_column][vc_row_inner equal_height=&#8221;yes&#8221; content_placement=&#8221;middle&#8221; css=&#8221;.vc_custom_1557947103599{margin-top: 50px !important;}&#8221;][vc_column_inner width=&#8221;1\/2&#8243; css=&#8221;.vc_custom_1491746388981{padding-bottom: 50px !important;}&#8221;][\/vc_column_inner][vc_column_inner width=&#8221;1\/2&#8243;][vc_column_text css=&#8221;.vc_custom_1567967193672{padding-bottom: 20px !important;}&#8221;] Wir sind spezialisiert auf kleine und mittlere Serien von Produkten mit unterschiedlichen technischen Anforderungen. Unser Sortiment umfasst verschiedene Metallstrukturen, Schr\u00e4nke, Geh\u00e4use, Unterbauteile f\u00fcr Maschinen oder Automaten etc. Wir bearbeiten Bleche von 0,8&hellip;<\/p>\n","protected":false},"author":1,"featured_media":0,"parent":0,"menu_order":0,"comment_status":"closed","ping_status":"closed","template":"","meta":{"footnotes":""},"yoast_head":"<!-- This site is optimized with the Yoast SEO plugin v22.5 - https:\/\/yoast.com\/wordpress\/plugins\/seo\/ -->\n<title>Blechbearbeitung\ufeff - JM-Process.de<\/title>\n<meta name=\"robots\" content=\"index, follow, max-snippet:-1, max-image-preview:large, max-video-preview:-1\" \/>\n<link rel=\"canonical\" href=\"https:\/\/jm-process.com\/de\/blechbearbeitung\ufeff\/\" \/>\n<meta property=\"og:locale\" content=\"en_US\" \/>\n<meta property=\"og:type\" content=\"article\" \/>\n<meta property=\"og:title\" content=\"Blechbearbeitung\ufeff - JM-Process.de\" \/>\n<meta property=\"og:description\" content=\"[vc_row type=&#8221;vc_default&#8221; equal_height=&#8221;yes&#8221; content_placement=&#8221;middle&#8221; margin_top=&#8221;5&#8243; margin_bottom=&#8221;10&#8243;][vc_column offset=&#8221;vc_col-lg-offset-2 vc_col-lg-8 vc_col-md-offset-1 vc_col-md-10&#8243;][\/vc_column][vc_column][vc_row_inner equal_height=&#8221;yes&#8221; content_placement=&#8221;middle&#8221; css=&#8221;.vc_custom_1557947103599{margin-top: 50px !important;}&#8221;][vc_column_inner width=&#8221;1\/2&#8243; css=&#8221;.vc_custom_1491746388981{padding-bottom: 50px !important;}&#8221;][\/vc_column_inner][vc_column_inner width=&#8221;1\/2&#8243;][vc_column_text css=&#8221;.vc_custom_1567967193672{padding-bottom: 20px !important;}&#8221;] Wir sind spezialisiert auf kleine und mittlere Serien von Produkten mit unterschiedlichen technischen Anforderungen. Unser Sortiment umfasst verschiedene Metallstrukturen, Schr\u00e4nke, Geh\u00e4use, Unterbauteile f\u00fcr Maschinen oder Automaten etc. Wir bearbeiten Bleche von 0,8&hellip;\" \/>\n<meta property=\"og:url\" content=\"https:\/\/jm-process.com\/de\/blechbearbeitung\ufeff\/\" \/>\n<meta property=\"og:site_name\" content=\"JM-Process.de\" \/>\n<meta property=\"article:modified_time\" content=\"2024-04-21T17:12:29+00:00\" \/>\n<meta name=\"twitter:card\" content=\"summary_large_image\" \/>\n<meta name=\"twitter:label1\" content=\"Est. reading time\" \/>\n\t<meta name=\"twitter:data1\" content=\"2 minutes\" \/>\n<script type=\"application\/ld+json\" class=\"yoast-schema-graph\">{\"@context\":\"https:\/\/schema.org\",\"@graph\":[{\"@type\":\"WebPage\",\"@id\":\"https:\/\/jm-process.com\/de\/blechbearbeitung%ef%bb%bf\/\",\"url\":\"https:\/\/jm-process.com\/de\/blechbearbeitung%ef%bb%bf\/\",\"name\":\"Blechbearbeitung\ufeff - JM-Process.de\",\"isPartOf\":{\"@id\":\"https:\/\/jm-process.com\/de\/#website\"},\"datePublished\":\"2019-09-08T18:32:57+00:00\",\"dateModified\":\"2024-04-21T17:12:29+00:00\",\"breadcrumb\":{\"@id\":\"https:\/\/jm-process.com\/de\/blechbearbeitung%ef%bb%bf\/#breadcrumb\"},\"inLanguage\":\"en-US\",\"potentialAction\":[{\"@type\":\"ReadAction\",\"target\":[\"https:\/\/jm-process.com\/de\/blechbearbeitung%ef%bb%bf\/\"]}]},{\"@type\":\"BreadcrumbList\",\"@id\":\"https:\/\/jm-process.com\/de\/blechbearbeitung%ef%bb%bf\/#breadcrumb\",\"itemListElement\":[{\"@type\":\"ListItem\",\"position\":1,\"name\":\"Home\",\"item\":\"https:\/\/jm-process.com\/de\/\"},{\"@type\":\"ListItem\",\"position\":2,\"name\":\"Blechbearbeitung\ufeff\"}]},{\"@type\":\"WebSite\",\"@id\":\"https:\/\/jm-process.com\/de\/#website\",\"url\":\"https:\/\/jm-process.com\/de\/\",\"name\":\"JM-Process.de\",\"description\":\"Beste maschinelle Verarbeitung.\",\"potentialAction\":[{\"@type\":\"SearchAction\",\"target\":{\"@type\":\"EntryPoint\",\"urlTemplate\":\"https:\/\/jm-process.com\/de\/?s={search_term_string}\"},\"query-input\":\"required name=search_term_string\"}],\"inLanguage\":\"en-US\"}]}<\/script>\n<!-- \/ Yoast SEO plugin. -->","yoast_head_json":{"title":"Blechbearbeitung\ufeff - JM-Process.de","robots":{"index":"index","follow":"follow","max-snippet":"max-snippet:-1","max-image-preview":"max-image-preview:large","max-video-preview":"max-video-preview:-1"},"canonical":"https:\/\/jm-process.com\/de\/blechbearbeitung\ufeff\/","og_locale":"en_US","og_type":"article","og_title":"Blechbearbeitung\ufeff - JM-Process.de","og_description":"[vc_row type=&#8221;vc_default&#8221; equal_height=&#8221;yes&#8221; content_placement=&#8221;middle&#8221; margin_top=&#8221;5&#8243; margin_bottom=&#8221;10&#8243;][vc_column offset=&#8221;vc_col-lg-offset-2 vc_col-lg-8 vc_col-md-offset-1 vc_col-md-10&#8243;][\/vc_column][vc_column][vc_row_inner equal_height=&#8221;yes&#8221; content_placement=&#8221;middle&#8221; css=&#8221;.vc_custom_1557947103599{margin-top: 50px !important;}&#8221;][vc_column_inner width=&#8221;1\/2&#8243; css=&#8221;.vc_custom_1491746388981{padding-bottom: 50px !important;}&#8221;][\/vc_column_inner][vc_column_inner width=&#8221;1\/2&#8243;][vc_column_text css=&#8221;.vc_custom_1567967193672{padding-bottom: 20px !important;}&#8221;] Wir sind spezialisiert auf kleine und mittlere Serien von Produkten mit unterschiedlichen technischen Anforderungen. Unser Sortiment umfasst verschiedene Metallstrukturen, Schr\u00e4nke, Geh\u00e4use, Unterbauteile f\u00fcr Maschinen oder Automaten etc. Wir bearbeiten Bleche von 0,8&hellip;","og_url":"https:\/\/jm-process.com\/de\/blechbearbeitung\ufeff\/","og_site_name":"JM-Process.de","article_modified_time":"2024-04-21T17:12:29+00:00","twitter_card":"summary_large_image","twitter_misc":{"Est. reading time":"2 minutes"},"schema":{"@context":"https:\/\/schema.org","@graph":[{"@type":"WebPage","@id":"https:\/\/jm-process.com\/de\/blechbearbeitung%ef%bb%bf\/","url":"https:\/\/jm-process.com\/de\/blechbearbeitung%ef%bb%bf\/","name":"Blechbearbeitung\ufeff - JM-Process.de","isPartOf":{"@id":"https:\/\/jm-process.com\/de\/#website"},"datePublished":"2019-09-08T18:32:57+00:00","dateModified":"2024-04-21T17:12:29+00:00","breadcrumb":{"@id":"https:\/\/jm-process.com\/de\/blechbearbeitung%ef%bb%bf\/#breadcrumb"},"inLanguage":"en-US","potentialAction":[{"@type":"ReadAction","target":["https:\/\/jm-process.com\/de\/blechbearbeitung%ef%bb%bf\/"]}]},{"@type":"BreadcrumbList","@id":"https:\/\/jm-process.com\/de\/blechbearbeitung%ef%bb%bf\/#breadcrumb","itemListElement":[{"@type":"ListItem","position":1,"name":"Home","item":"https:\/\/jm-process.com\/de\/"},{"@type":"ListItem","position":2,"name":"Blechbearbeitung\ufeff"}]},{"@type":"WebSite","@id":"https:\/\/jm-process.com\/de\/#website","url":"https:\/\/jm-process.com\/de\/","name":"JM-Process.de","description":"Beste maschinelle Verarbeitung.","potentialAction":[{"@type":"SearchAction","target":{"@type":"EntryPoint","urlTemplate":"https:\/\/jm-process.com\/de\/?s={search_term_string}"},"query-input":"required name=search_term_string"}],"inLanguage":"en-US"}]}},"_links":{"self":[{"href":"https:\/\/jm-process.com\/de\/wp-json\/wp\/v2\/pages\/57"}],"collection":[{"href":"https:\/\/jm-process.com\/de\/wp-json\/wp\/v2\/pages"}],"about":[{"href":"https:\/\/jm-process.com\/de\/wp-json\/wp\/v2\/types\/page"}],"author":[{"embeddable":true,"href":"https:\/\/jm-process.com\/de\/wp-json\/wp\/v2\/users\/1"}],"replies":[{"embeddable":true,"href":"https:\/\/jm-process.com\/de\/wp-json\/wp\/v2\/comments?post=57"}],"version-history":[{"count":7,"href":"https:\/\/jm-process.com\/de\/wp-json\/wp\/v2\/pages\/57\/revisions"}],"predecessor-version":[{"id":30323,"href":"https:\/\/jm-process.com\/de\/wp-json\/wp\/v2\/pages\/57\/revisions\/30323"}],"wp:attachment":[{"href":"https:\/\/jm-process.com\/de\/wp-json\/wp\/v2\/media?parent=57"}],"curies":[{"name":"wp","href":"https:\/\/api.w.org\/{rel}","templated":true}]}}