{"id":61,"date":"2019-09-08T20:47:06","date_gmt":"2019-09-08T18:47:06","guid":{"rendered":"http:\/\/jm-process.com\/de\/?page_id=61"},"modified":"2019-10-08T20:41:50","modified_gmt":"2019-10-08T18:41:50","slug":"startseite","status":"publish","type":"page","link":"https:\/\/jm-process.com\/de\/","title":{"rendered":"Startseite"},"content":{"rendered":"<p>[vc_row type=&#8221;vc_default&#8221; equal_height=&#8221;yes&#8221; content_placement=&#8221;top&#8221; bg_type=&#8221;bg_color&#8221; bg_override=&#8221;ex-full&#8221; css=&#8221;.vc_custom_1560107540105{padding-top: 70px !important;padding-bottom: 30px !important;}&#8221; bg_color_value=&#8221;rgba(170,170,170,0.1)&#8221;][vc_column]<div id=\"ultimate-heading-766069e9a57d5c9b3\" class=\"uvc-heading ult-adjust-bottom-margin ultimate-heading-766069e9a57d5c9b3 uvc-3067 accent-border-color color-title\" data-hspacer=\"line_only\"  data-halign=\"center\" style=\"text-align:center\"><div class=\"uvc-main-heading ult-responsive\"  data-ultimate-target='.uvc-heading.ultimate-heading-766069e9a57d5c9b3 h2'  data-responsive-json-new='{\"font-size\":\"desktop:30px;\",\"line-height\":\"desktop:40px;\"}' ><h2 style=\"font-weight:bold;margin-bottom:10px;\">Individuell bearbeitete Teile f\u00fcr Sie!<\/h2><\/div><div class=\"uvc-heading-spacer line_only\" style=\"margin-bottom:55px;height:3px;\"><span class=\"uvc-headings-line\" style=\"border-style:solid;border-bottom-width:3px;border-color:#ccc;width:100px;\"><\/span><\/div><\/div>[\/vc_column][vc_column width=&#8221;2\/3&#8243; offset=&#8221;vc_col-lg-offset-0 vc_col-lg-6 vc_col-md-offset-0 vc_col-md-6 vc_col-sm-offset-2 vc_col-xs-12&#8243; css=&#8221;.vc_custom_1476220031159{padding-bottom: 15px !important;}&#8221;]<div id=\"ultimate-heading-600969e9a57d5c9fc\" class=\"uvc-heading ult-adjust-bottom-margin ultimate-heading-600969e9a57d5c9fc uvc-4539 \" data-hspacer=\"no_spacer\"  data-halign=\"left\" style=\"text-align:left\"><div class=\"uvc-heading-spacer no_spacer\" style=\"top\"><\/div><div class=\"uvc-main-heading ult-responsive\"  data-ultimate-target='.uvc-heading.ultimate-heading-600969e9a57d5c9fc h2'  data-responsive-json-new='{\"font-size\":\"desktop:18px;\",\"line-height\":\"desktop:28px;\"}' ><h2 style=\"font-weight:bold;margin-bottom:20px;\">Pr\u00e4zise Qualit\u00e4t f\u00fcr kleine und mittlere Serien<\/h2><\/div><\/div>[vc_column_text css=&#8221;.vc_custom_1567967823645{padding-bottom: 20px !important;}&#8221;]<\/p>\n<p>Das Unternehmen legt gro\u00dfen Wert auf ein hochwertiges Endprodukt, das auf die W\u00fcnsche des Kunden zugeschnitten ist. Dementsprechend sind wir bestrebt, uns an die weltweite Nachfrage nach verschiedenen Bearbeitungsdienstleistungen anzupassen.<\/p>\n<p>[\/vc_column_text][vc_row_inner][vc_column_inner]<div class=\"standard-arrow bullet-top\"><ul>\n<li>Spezialisiert auf die Herstellung von Dreh- und Fr\u00e4steilen.<\/li>\n<li>Langj\u00e4hriges Know-how in der Blechbearbeitung.<\/li>\n<li>Unsere Dienstleistungen sind auf kleine und mittlere Serien spezialisiert und werden auf die spezifischen Bed\u00fcrfnisse unserer Kunden angepasst.<\/li>\n<\/ul>\n<\/div>[\/vc_column_inner][\/vc_row_inner][\/vc_column][vc_column width=&#8221;2\/3&#8243; offset=&#8221;vc_col-lg-offset-0 vc_col-lg-6 vc_col-md-offset-0 vc_col-md-6 vc_col-sm-offset-2 vc_col-xs-12&#8243;][vc_single_image image=&#8221;98&#8243; img_size=&#8221;560 \u00d7 326&#8243; alignment=&#8221;center&#8221; css_animation=&#8221;fadeIn&#8221; lazy_loading=&#8221;true&#8221; css=&#8221;.vc_custom_1569181639412{margin-right: -10px !important;margin-left: -10px !important;padding-top: 10px !important;padding-bottom: 20px !important;}&#8221;][\/vc_column][\/vc_row][vc_row type=&#8221;vc_default&#8221; equal_height=&#8221;yes&#8221; content_placement=&#8221;middle&#8221; enable_overlay=&#8221;enable_overlay_value&#8221; overlay_color=&#8221;#708c46&#8243; css=&#8221;.vc_custom_1557259445491{padding-top: 80px !important;padding-bottom: 80px !important;}&#8221; el_id=&#8221;services&#8221;][vc_column offset=&#8221;vc_col-lg-offset-0 vc_col-lg-12 vc_col-md-offset-0 vc_col-md-12 vc_col-sm-offset-0 vc_col-xs-12&#8243; css=&#8221;.vc_custom_1499347634300{padding-bottom: 20px !important;}&#8221;]<div id=\"ultimate-heading-431769e9a57d5ca83\" class=\"uvc-heading ult-adjust-bottom-margin ultimate-heading-431769e9a57d5ca83 uvc-1006 \" data-hspacer=\"line_only\"  data-halign=\"center\" style=\"text-align:center\"><div class=\"uvc-main-heading ult-responsive\"  data-ultimate-target='.uvc-heading.ultimate-heading-431769e9a57d5ca83 h2'  data-responsive-json-new='{\"font-size\":\"desktop:42px;mobile_landscape:34px;\",\"line-height\":\"desktop:52px;mobile_landscape:44px;\"}' ><h2 style=\"font-weight:bold;color:#000000;\">Unsere Dienstleistungen<\/h2><\/div><div class=\"uvc-heading-spacer line_only\" style=\"margin-bottom:60px;height:3px;\"><span class=\"uvc-headings-line\" style=\"border-style:solid;border-bottom-width:3px;border-color:#8cbf3f;width:120px;\"><\/span><\/div><\/div>[vc_row_inner equal_height=&#8221;yes&#8221; gap=&#8221;20&#8243; css=&#8221;.vc_custom_1499850516346{margin-top: -10px !important;margin-bottom: -10px !important;padding-right: 25px !important;padding-left: 25px !important;}&#8221;][vc_column_inner width=&#8221;1\/3&#8243; css=&#8221;.vc_custom_1557259259611{border-top-width: 3px !important;border-right-width: 3px !important;border-bottom-width: 3px !important;border-left-width: 3px !important;padding-top: 30px !important;padding-right: 30px !important;padding-bottom: 30px !important;padding-left: 30px !important;border-left-color: #8cbf3f !important;border-left-style: solid !important;border-right-color: #8cbf3f !important;border-right-style: solid !important;border-top-color: #8cbf3f !important;border-top-style: solid !important;border-bottom-color: #8cbf3f !important;border-bottom-style: solid !important;}&#8221;]<div class=\"aio-icon-component  vc_custom_1569181734186  accent-icon-bg style_1\"><div id=\"Info-box-wrap-3615\" class=\"aio-icon-box left-icon\" style=\"\"  ><div class=\"aio-icon-left\"><div class=\"ult-just-icon-wrapper  \"><div class=\"align-icon\" style=\"text-align:center;\">\n<div class=\"aio-icon advanced \"  style=\"color:#ffffff;background:rgba(170,170,170,0.15);border-style:;border-color:#333333;border-width:1px;width:40px;height:40px;line-height:40px;border-radius:500px;font-size:24px;display:inline-block;\">\n\t<i class=\"Defaults-th-list\"><\/i>\n<\/div><\/div><\/div><\/div><div class=\"aio-ibd-block\"><div class=\"aio-icon-header\" ><a class=\"aio-icon-box-link\" href=\"http:\/\/jm-process.com\/de\/blechbearbeitung%ef%bb%bf\/\" title=\"Blechbearbeitung\ufeff\" target=\"_blank\" rel=\"noopener\" ><h3 class=\"aio-icon-title ult-responsive\"  data-ultimate-target='#Info-box-wrap-3615 .aio-icon-title'  data-responsive-json-new='{\"font-size\":\"desktop:16px;\",\"line-height\":\"desktop:26px;\"}'  style=\"font-weight:bold;\">Blechbearbeitung<\/h3><\/a><\/div> <!-- header --><div class=\"aio-icon-description ult-responsive\"  data-ultimate-target='#Info-box-wrap-3615 .aio-icon-description'  data-responsive-json-new='{\"font-size\":\"\",\"line-height\":\"\"}'  style=\"\">Hohes Prozessverst\u00e4ndnis, umfassendes Wissen und Erfahrung in der Blechbearbeitung.<\/div> <!-- description --><\/div> <!-- aio-ibd-block --><\/div> <!-- aio-icon-box --><\/div> <!-- aio-icon-component -->[\/vc_column_inner][vc_column_inner width=&#8221;1\/3&#8243; css=&#8221;.vc_custom_1557259728635{border-top-width: 3px !important;border-right-width: 3px !important;border-bottom-width: 3px !important;border-left-width: 3px !important;padding-top: 30px !important;padding-right: 30px !important;padding-bottom: 30px !important;padding-left: 30px !important;background-color: #ffffff !important;background-position: center !important;background-repeat: no-repeat !important;background-size: cover !important;border-left-color: #8cbf3f !important;border-left-style: solid !important;border-right-color: #8cbf3f !important;border-right-style: solid !important;border-top-color: #8cbf3f !important;border-top-style: solid !important;border-bottom-color: #8cbf3f !important;border-bottom-style: solid !important;}&#8221;]<div class=\"aio-icon-component  vc_custom_1569181836654  accent-icon-bg style_1\"><div id=\"Info-box-wrap-3365\" class=\"aio-icon-box left-icon\" style=\"\"  ><div class=\"aio-icon-left\"><div class=\"ult-just-icon-wrapper  \"><div class=\"align-icon\" style=\"text-align:center;\">\n<div class=\"aio-icon advanced \"  style=\"color:#ffffff;background:rgba(170,170,170,0.15);border-style:;border-color:#333333;border-width:1px;width:40px;height:40px;line-height:40px;border-radius:500px;font-size:24px;display:inline-block;\">\n\t<i class=\"fas fa-dot-circle\"><\/i>\n<\/div><\/div><\/div><\/div><div class=\"aio-ibd-block\"><div class=\"aio-icon-header\" ><a class=\"aio-icon-box-link\" href=\"http:\/\/jm-process.com\/de\/cnc-drehteile\/\" title=\"CNC Drehteile\" target=\"_blank\" rel=\"noopener\" ><h3 class=\"aio-icon-title ult-responsive\"  data-ultimate-target='#Info-box-wrap-3365 .aio-icon-title'  data-responsive-json-new='{\"font-size\":\"desktop:16px;\",\"line-height\":\"desktop:26px;\"}'  style=\"font-weight:bold;\">CNC Drehen<\/h3><\/a><\/div> <!-- header --><div class=\"aio-icon-description ult-responsive\"  data-ultimate-target='#Info-box-wrap-3365 .aio-icon-description'  data-responsive-json-new='{\"font-size\":\"\",\"line-height\":\"\"}'  style=\"\">Dreherei f\u00fcr kleine und mittlere Serien. Wir arbeiten mit verschiedenen Materialien &#8211; von Aluminium bis Kunststoff.<\/div> <!-- description --><\/div> <!-- aio-ibd-block --><\/div> <!-- aio-icon-box --><\/div> <!-- aio-icon-component -->[\/vc_column_inner][vc_column_inner width=&#8221;1\/3&#8243; css=&#8221;.vc_custom_1557259275692{border-top-width: 3px !important;border-right-width: 3px !important;border-bottom-width: 3px !important;border-left-width: 3px !important;padding-top: 30px !important;padding-right: 30px !important;padding-bottom: 30px !important;padding-left: 30px !important;border-left-color: #8cbf3f !important;border-left-style: solid !important;border-right-color: #8cbf3f !important;border-right-style: solid !important;border-top-color: #8cbf3f !important;border-top-style: solid !important;border-bottom-color: #8cbf3f !important;border-bottom-style: solid !important;}&#8221;]<div class=\"aio-icon-component  vc_custom_1569182195833  accent-icon-bg style_1\"><div id=\"Info-box-wrap-9757\" class=\"aio-icon-box left-icon\" style=\"\"  ><div class=\"aio-icon-left\"><div class=\"ult-just-icon-wrapper  \"><div class=\"align-icon\" style=\"text-align:center;\">\n<div class=\"aio-icon advanced \"  style=\"color:#ffffff;background:rgba(170,170,170,0.15);border-style:;border-color:#333333;border-width:1px;width:40px;height:40px;line-height:40px;border-radius:500px;font-size:24px;display:inline-block;\">\n\t<i class=\"fas fa-check-circle\"><\/i>\n<\/div><\/div><\/div><\/div><div class=\"aio-ibd-block\"><div class=\"aio-icon-header\" ><a class=\"aio-icon-box-link\" href=\"http:\/\/jm-process.com\/de\/cnc-frasteile\/\" title=\"CNC Fr\u00e4steile\" target=\"_blank\" rel=\"noopener\" ><h3 class=\"aio-icon-title ult-responsive\"  data-ultimate-target='#Info-box-wrap-9757 .aio-icon-title'  data-responsive-json-new='{\"font-size\":\"desktop:16px;\",\"line-height\":\"desktop:26px;\"}'  style=\"font-weight:bold;\">CNC Fr\u00e4sen<\/h3><\/a><\/div> <!-- header --><div class=\"aio-icon-description ult-responsive\"  data-ultimate-target='#Info-box-wrap-9757 .aio-icon-description'  data-responsive-json-new='{\"font-size\":\"\",\"line-height\":\"\"}'  style=\"\">Wir produzieren Teile jeder Komplexit\u00e4t. Wir verwenden 3-, 4- und 5-Achsen-CNC-Maschinen.<\/div> <!-- description --><\/div> <!-- aio-ibd-block --><\/div> <!-- aio-icon-box --><\/div> <!-- aio-icon-component -->[\/vc_column_inner][\/vc_row_inner][\/vc_column][\/vc_row][vc_row type=&#8221;vc_default&#8221; bg_type=&#8221;image&#8221; parallax_style=&#8221;vcpb-default&#8221; bg_image_new=&#8221;id^53528|url^http:\/\/jm-process.com\/wp-content\/uploads\/2019\/05\/cnc-turning-machine.jpg|caption^CNC lathe machine (Turning machine). Hi-precision CNC machining concept.|alt^null|title^CNC lathe machine (Turning machine). Hi-precision CNC machining concept.|description^null&#8221; bg_image_repeat=&#8221;no-repeat&#8221; bg_img_attach=&#8221;fixed&#8221; bg_override=&#8221;ex-full&#8221; enable_overlay=&#8221;enable_overlay_value&#8221; overlay_color=&#8221;rgba(0,0,0,0.55)&#8221; overlay_pattern=&#8221;transperant&#8221; css=&#8221;.vc_custom_1559416374110{background-color: #0c0c0c !important;}&#8221;][vc_column css=&#8221;.vc_custom_1476603889085{padding-top: 100px !important;padding-bottom: 100px !important;}&#8221;]<div id=\"ultimate-heading-389069e9a57d5cd9f\" class=\"uvc-heading ult-adjust-bottom-margin ultimate-heading-389069e9a57d5cd9f uvc-4886 \" data-hspacer=\"no_spacer\"  data-halign=\"center\" style=\"text-align:center\"><div class=\"uvc-heading-spacer no_spacer\" style=\"top\"><\/div><div class=\"uvc-main-heading ult-responsive\"  data-ultimate-target='.uvc-heading.ultimate-heading-389069e9a57d5cd9f h3'  data-responsive-json-new='{\"font-size\":\"desktop:74px;mobile_landscape:30px;\",\"line-height\":\"desktop:84px;mobile_landscape:40px;\"}' ><h3 style=\"font-weight:bold;color:#ffffff;margin-bottom:50px;\">Zuverl\u00e4ssiger Lieferant f\u00fcr Fr\u00e4s- und Drehteile.<\/h3><\/div><\/div>\n\t\t\t<div class=\"ult_dual_button  vc_custom_1569182262198 ult-adjust-bottom-margin to-center  \"  data-response=\"on\" id=\"ult_btn_3779753005\">\n\n\t\t\t<div id=\"dualbtn-9974\" class=\"ulitmate_dual_buttons ult-dual-btn ult_main_dualbtn \" data-bcolor=\"#ffffff\"data-bhcolor=\"\">\n\n\t\t\t<div class=\"ult_dualbutton-wrapper btn-inline place-template bt1 \"><a href=\"http:\/\/jm-process.com\/de\/kontakt\/\" title=\"Kontakt\"  class=\"ult_ivan_button round-square with-icon icon-before with-text place-template ult_dual1\" style=\";margin-right:px;;background-color:rgba(255,255,255,0.01) !important;; border-color:#ffffff;border-style:solid;border-width:2px;border-radius:2px;width:250px;;\">\n\t\t\t<span class=\"ult-dual-btn-1 Style 1\" style=\"\"  data-bgcolor=\"rgba(255,255,255,0.01)\" data-bghovercolor=\"#ffffff\" data-icon_color=\"#333333\" data-icon_hover_color=\"#333333\" data-textcolor=\"#ffffff\" data-texthovercolor=\"#333333\" data-iconbgcolor=\"transperent\" data-iconbghovercolor=\"transperent\" data-iconborder=\"transperent\" data-iconhoverborder=\"transperent\" >\n\t\t\t<span class=\"icon-simple icon-left1 ult_btn1span ult-dual-btn-no-icon\"  style=\";padding-left:0px; \"><\/span>\n\t\t\t<span class=\"text-btn ult-dual-button-title ult-responsive\"  data-ultimate-target='#dualbtn-9974 .ult-dual-button-title'  data-responsive-json-new='{\"font-size\":\"desktop:18px;\",\"line-height\":\"desktop:28px;\"}'  style=\"font-family:Roboto;font-weight:700;color:#ffffff;\">TEILE ANFORDERN<\/span>\n\n\t\t\t<\/span>\n\t\t\t<\/a><span class=\"middle-text\" style=\"line-height: 1.8em;color:#3b3f4a;background-color:#ffffff;border-width:0px;\">\n\t\t\t<span class=\"middle-inner\"  >or<\/span>\n\t\t\t<\/span>\n\n\t\t\t<\/div>\n\n\t\t\t<div class=\"ult_dualbutton-wrapper btn-inline place-template btn2 \"><a href=\"http:\/\/jm-process.com\/de\/gallerie\/\" title=\"Galerie\" target=\"_blank\" rel=\"noopener\"  class=\"ult_ivan_button round-square with-icon icon-after with-text place-template ult_dual2\"  style=\";background-color:rgba(255,255,255,0.01) !important;;margin-left:px;;border-color:#ffffff;border-style:solid;border-width:2px;border-radius:2px;width:250px;\">\n\t\t\t<span class=\"ult-dual-btn-2 Style 1\"  data-bgcolor=\"rgba(255,255,255,0.01)\" data-bghovercolor=\"#ffffff\" data-icon_color=\"#333333\" data-icon_hover_color=\"#333333\" data-textcolor=\"#ffffff\" data-texthovercolor=\"#333333\" data-iconbgcolor=\"transperent\" data-iconbghovercolor=\"transperent\" data-iconborder=\"transperent\" data-iconhoverborder=\"transperent\" >\n\t\t\t<span class=\"text-btn ult-dual-button-title\" style=\"font-family:Roboto;font-weight:700;color:#ffffff;\">GALERIE ANSEHEN<\/span>\n\n\t\t\t<span class=\"icon-simple icon-right2 ult_btn1span ult-dual-btn-no-icon\"  style=\";padding-left:0px; \"><\/span>\n\t\t\t<\/span>\n\t\t\t<\/a><\/div>\n\t\t\t<\/div>\n\t\t\t<\/div>[\/vc_column][\/vc_row]<\/p>\n","protected":false},"excerpt":{"rendered":"<p>[vc_row type=&#8221;vc_default&#8221; equal_height=&#8221;yes&#8221; content_placement=&#8221;top&#8221; bg_type=&#8221;bg_color&#8221; bg_override=&#8221;ex-full&#8221; css=&#8221;.vc_custom_1560107540105{padding-top: 70px !important;padding-bottom: 30px !important;}&#8221; bg_color_value=&#8221;rgba(170,170,170,0.1)&#8221;][vc_column][\/vc_column][vc_column width=&#8221;2\/3&#8243; offset=&#8221;vc_col-lg-offset-0 vc_col-lg-6 vc_col-md-offset-0 vc_col-md-6 vc_col-sm-offset-2 vc_col-xs-12&#8243; css=&#8221;.vc_custom_1476220031159{padding-bottom: 15px !important;}&#8221;][vc_column_text css=&#8221;.vc_custom_1567967823645{padding-bottom: 20px !important;}&#8221;] Das Unternehmen legt gro\u00dfen Wert auf ein hochwertiges Endprodukt, das auf die W\u00fcnsche des Kunden zugeschnitten ist. Dementsprechend sind wir bestrebt, uns an die weltweite Nachfrage nach verschiedenen Bearbeitungsdienstleistungen anzupassen.&hellip;<\/p>\n","protected":false},"author":1,"featured_media":0,"parent":0,"menu_order":0,"comment_status":"closed","ping_status":"closed","template":"","meta":{"footnotes":""},"yoast_head":"<!-- This site is optimized with the Yoast SEO plugin v22.5 - https:\/\/yoast.com\/wordpress\/plugins\/seo\/ -->\n<title>Startseite - JM-Process.de<\/title>\n<meta name=\"robots\" content=\"index, follow, max-snippet:-1, max-image-preview:large, max-video-preview:-1\" \/>\n<link rel=\"canonical\" href=\"https:\/\/jm-process.com\/de\/\" \/>\n<meta property=\"og:locale\" content=\"en_US\" \/>\n<meta property=\"og:type\" content=\"article\" \/>\n<meta property=\"og:title\" content=\"Startseite - JM-Process.de\" \/>\n<meta property=\"og:description\" content=\"[vc_row type=&#8221;vc_default&#8221; equal_height=&#8221;yes&#8221; content_placement=&#8221;top&#8221; bg_type=&#8221;bg_color&#8221; bg_override=&#8221;ex-full&#8221; css=&#8221;.vc_custom_1560107540105{padding-top: 70px !important;padding-bottom: 30px !important;}&#8221; bg_color_value=&#8221;rgba(170,170,170,0.1)&#8221;][vc_column][\/vc_column][vc_column width=&#8221;2\/3&#8243; offset=&#8221;vc_col-lg-offset-0 vc_col-lg-6 vc_col-md-offset-0 vc_col-md-6 vc_col-sm-offset-2 vc_col-xs-12&#8243; css=&#8221;.vc_custom_1476220031159{padding-bottom: 15px !important;}&#8221;][vc_column_text css=&#8221;.vc_custom_1567967823645{padding-bottom: 20px !important;}&#8221;] Das Unternehmen legt gro\u00dfen Wert auf ein hochwertiges Endprodukt, das auf die W\u00fcnsche des Kunden zugeschnitten ist. Dementsprechend sind wir bestrebt, uns an die weltweite Nachfrage nach verschiedenen Bearbeitungsdienstleistungen anzupassen.&hellip;\" \/>\n<meta property=\"og:url\" content=\"https:\/\/jm-process.com\/de\/\" \/>\n<meta property=\"og:site_name\" content=\"JM-Process.de\" \/>\n<meta property=\"article:modified_time\" content=\"2019-10-08T18:41:50+00:00\" \/>\n<meta name=\"twitter:card\" content=\"summary_large_image\" \/>\n<meta name=\"twitter:label1\" content=\"Est. reading time\" \/>\n\t<meta name=\"twitter:data1\" content=\"6 minutes\" \/>\n<script type=\"application\/ld+json\" class=\"yoast-schema-graph\">{\"@context\":\"https:\/\/schema.org\",\"@graph\":[{\"@type\":\"WebPage\",\"@id\":\"https:\/\/jm-process.com\/de\/\",\"url\":\"https:\/\/jm-process.com\/de\/\",\"name\":\"Startseite - JM-Process.de\",\"isPartOf\":{\"@id\":\"https:\/\/jm-process.com\/de\/#website\"},\"datePublished\":\"2019-09-08T18:47:06+00:00\",\"dateModified\":\"2019-10-08T18:41:50+00:00\",\"breadcrumb\":{\"@id\":\"https:\/\/jm-process.com\/de\/#breadcrumb\"},\"inLanguage\":\"en-US\",\"potentialAction\":[{\"@type\":\"ReadAction\",\"target\":[\"https:\/\/jm-process.com\/de\/\"]}]},{\"@type\":\"BreadcrumbList\",\"@id\":\"https:\/\/jm-process.com\/de\/#breadcrumb\",\"itemListElement\":[{\"@type\":\"ListItem\",\"position\":1,\"name\":\"Home\",\"item\":\"https:\/\/jm-process.com\/de\/\"},{\"@type\":\"ListItem\",\"position\":2,\"name\":\"Startseite\"}]},{\"@type\":\"WebSite\",\"@id\":\"https:\/\/jm-process.com\/de\/#website\",\"url\":\"https:\/\/jm-process.com\/de\/\",\"name\":\"JM-Process.de\",\"description\":\"Beste maschinelle Verarbeitung.\",\"potentialAction\":[{\"@type\":\"SearchAction\",\"target\":{\"@type\":\"EntryPoint\",\"urlTemplate\":\"https:\/\/jm-process.com\/de\/?s={search_term_string}\"},\"query-input\":\"required name=search_term_string\"}],\"inLanguage\":\"en-US\"}]}<\/script>\n<!-- \/ Yoast SEO plugin. -->","yoast_head_json":{"title":"Startseite - JM-Process.de","robots":{"index":"index","follow":"follow","max-snippet":"max-snippet:-1","max-image-preview":"max-image-preview:large","max-video-preview":"max-video-preview:-1"},"canonical":"https:\/\/jm-process.com\/de\/","og_locale":"en_US","og_type":"article","og_title":"Startseite - JM-Process.de","og_description":"[vc_row type=&#8221;vc_default&#8221; equal_height=&#8221;yes&#8221; content_placement=&#8221;top&#8221; bg_type=&#8221;bg_color&#8221; bg_override=&#8221;ex-full&#8221; css=&#8221;.vc_custom_1560107540105{padding-top: 70px !important;padding-bottom: 30px !important;}&#8221; bg_color_value=&#8221;rgba(170,170,170,0.1)&#8221;][vc_column][\/vc_column][vc_column width=&#8221;2\/3&#8243; offset=&#8221;vc_col-lg-offset-0 vc_col-lg-6 vc_col-md-offset-0 vc_col-md-6 vc_col-sm-offset-2 vc_col-xs-12&#8243; css=&#8221;.vc_custom_1476220031159{padding-bottom: 15px !important;}&#8221;][vc_column_text css=&#8221;.vc_custom_1567967823645{padding-bottom: 20px !important;}&#8221;] Das Unternehmen legt gro\u00dfen Wert auf ein hochwertiges Endprodukt, das auf die W\u00fcnsche des Kunden zugeschnitten ist. Dementsprechend sind wir bestrebt, uns an die weltweite Nachfrage nach verschiedenen Bearbeitungsdienstleistungen anzupassen.&hellip;","og_url":"https:\/\/jm-process.com\/de\/","og_site_name":"JM-Process.de","article_modified_time":"2019-10-08T18:41:50+00:00","twitter_card":"summary_large_image","twitter_misc":{"Est. reading time":"6 minutes"},"schema":{"@context":"https:\/\/schema.org","@graph":[{"@type":"WebPage","@id":"https:\/\/jm-process.com\/de\/","url":"https:\/\/jm-process.com\/de\/","name":"Startseite - JM-Process.de","isPartOf":{"@id":"https:\/\/jm-process.com\/de\/#website"},"datePublished":"2019-09-08T18:47:06+00:00","dateModified":"2019-10-08T18:41:50+00:00","breadcrumb":{"@id":"https:\/\/jm-process.com\/de\/#breadcrumb"},"inLanguage":"en-US","potentialAction":[{"@type":"ReadAction","target":["https:\/\/jm-process.com\/de\/"]}]},{"@type":"BreadcrumbList","@id":"https:\/\/jm-process.com\/de\/#breadcrumb","itemListElement":[{"@type":"ListItem","position":1,"name":"Home","item":"https:\/\/jm-process.com\/de\/"},{"@type":"ListItem","position":2,"name":"Startseite"}]},{"@type":"WebSite","@id":"https:\/\/jm-process.com\/de\/#website","url":"https:\/\/jm-process.com\/de\/","name":"JM-Process.de","description":"Beste maschinelle Verarbeitung.","potentialAction":[{"@type":"SearchAction","target":{"@type":"EntryPoint","urlTemplate":"https:\/\/jm-process.com\/de\/?s={search_term_string}"},"query-input":"required name=search_term_string"}],"inLanguage":"en-US"}]}},"_links":{"self":[{"href":"https:\/\/jm-process.com\/de\/wp-json\/wp\/v2\/pages\/61"}],"collection":[{"href":"https:\/\/jm-process.com\/de\/wp-json\/wp\/v2\/pages"}],"about":[{"href":"https:\/\/jm-process.com\/de\/wp-json\/wp\/v2\/types\/page"}],"author":[{"embeddable":true,"href":"https:\/\/jm-process.com\/de\/wp-json\/wp\/v2\/users\/1"}],"replies":[{"embeddable":true,"href":"https:\/\/jm-process.com\/de\/wp-json\/wp\/v2\/comments?post=61"}],"version-history":[{"count":6,"href":"https:\/\/jm-process.com\/de\/wp-json\/wp\/v2\/pages\/61\/revisions"}],"predecessor-version":[{"id":30302,"href":"https:\/\/jm-process.com\/de\/wp-json\/wp\/v2\/pages\/61\/revisions\/30302"}],"wp:attachment":[{"href":"https:\/\/jm-process.com\/de\/wp-json\/wp\/v2\/media?parent=61"}],"curies":[{"name":"wp","href":"https:\/\/api.w.org\/{rel}","templated":true}]}}